{"id":2076,"date":"2020-02-25T08:41:33","date_gmt":"2020-02-25T05:41:33","guid":{"rendered":"http:\/\/wpdemo.archiwp.com\/engitech\/?page_id=2076"},"modified":"2022-12-15T01:16:28","modified_gmt":"2022-12-14T22:16:28","slug":"consultancy-services","status":"publish","type":"page","link":"https:\/\/viametrix.com\/en\/trainings\/consultancy-services\/","title":{"rendered":"Dan\u0131\u015fmal\u0131k Hizmetleri"},"content":{"rendered":"<p>Uzman kadromuzla e\u011fitimden teknik deste\u011fe kadar proje uygulamas\u0131n\u0131n tamamlanmas\u0131na kadar her ihtiyaca uygun ihtiya\u00e7 duyulan hizmetleri sunmaktay\u0131z.<\/p>\n<p>M\u00fchendislik s\u00fcrecindeki her ad\u0131m i\u00e7in dan\u0131\u015fmanl\u0131k hizmetleri sunmaktay\u0131z. Tasar\u0131mlar\u0131n\u0131z\u0131 optimize etmenize, \u00fcr\u00fcn verilerini y\u00f6netmenize, sisteminizin verimlili\u011fini art\u0131rman\u0131za, \u00fcr\u00fcn tasar\u0131m d\u00f6ng\u00fcs\u00fcn\u00fcz\u00fc azaltman\u0131za ve maliyet tasarrufu sa\u011flaman\u0131za yard\u0131mc\u0131 olabiliriz.<\/p>\n<p>Uzman dan\u0131\u015fman kadromuz, hem geleneksel, hem de modern m\u00fchendislik y\u00f6ntemleriyle e\u011fitilmi\u015ftir ve yeni CAD \/ CAM \/ CAE \/ PDM \/PLM yap\u0131lar\u0131n\u0131 uygulamada organizasyonunuza yard\u0131mc\u0131 olabilir. Hangi teknolojilerin kurulu\u015funuzun bug\u00fcn ve gelece\u011fe y\u00f6nelik ihtiya\u00e7lar\u0131n\u0131 en iyi \u015fekilde kar\u015f\u0131layaca\u011f\u0131n\u0131 \u00f6nerebiliriz.<\/p>\n<p>CAD \/ CAM \/ CAE \/ PDM&nbsp; \/PLM sistemlerinizi profesyonel bir planlama ve y\u00fcr\u00fctme ile sorunsuz bir \u015fekilde ger\u00e7ekle\u015ftirmenize yard\u0131mc\u0131 oluyoruz. Uzmanl\u0131\u011f\u0131m\u0131z, Karma\u015f\u0131k 3B Y\u00fczey Kaplamas\u0131, E\u015fzamanl\u0131 M\u00fchendislik, M\u00fchendislik Y\u00f6netimi, B\u00fcy\u00fck Montaj Tasar\u0131mlar\u0131, Ana Model yap\u0131lar\u0131, Veri ak\u0131\u015f\u0131n\u0131n kullan\u0131m\u0131, \u0130nternet i\u015fbirlikleri, Tasar\u0131m s\u00fcreci iyile\u015ftirmeleri gibi kavramlar\u0131 ve konular\u0131 i\u00e7ermektedir.<\/p>","protected":false},"excerpt":{"rendered":"<p>Uzman kadromuzla e\u011fitimden teknik deste\u011fe kadar proje uygulamas\u0131n\u0131n tamamlanmas\u0131na kadar her ihtiyaca uygun ihtiya\u00e7 duyulan hizmetleri sunmaktay\u0131z. M\u00fchendislik s\u00fcrecindeki her ad\u0131m i\u00e7in dan\u0131\u015fmanl\u0131k hizmetleri sunmaktay\u0131z. Tasar\u0131mlar\u0131n\u0131z\u0131 optimize etmenize, \u00fcr\u00fcn verilerini y\u00f6netmenize, sisteminizin verimlili\u011fini art\u0131rman\u0131za, \u00fcr\u00fcn tasar\u0131m d\u00f6ng\u00fcs\u00fcn\u00fcz\u00fc azaltman\u0131za ve maliyet tasarrufu sa\u011flaman\u0131za yard\u0131mc\u0131 olabiliriz. Uzman dan\u0131\u015fman kadromuz, hem geleneksel, hem de modern m\u00fchendislik y\u00f6ntemleriyle e\u011fitilmi\u015ftir [&hellip;]<\/p>\n","protected":false},"author":1,"featured_media":0,"parent":2407,"menu_order":0,"comment_status":"closed","ping_status":"closed","template":"","meta":{"_mi_skip_tracking":false,"footnotes":""},"class_list":["post-2076","page","type-page","status-publish","hentry"],"aioseo_notices":[],"_links":{"self":[{"href":"https:\/\/viametrix.com\/en\/wp-json\/wp\/v2\/pages\/2076","targetHints":{"allow":["GET"]}}],"collection":[{"href":"https:\/\/viametrix.com\/en\/wp-json\/wp\/v2\/pages"}],"about":[{"href":"https:\/\/viametrix.com\/en\/wp-json\/wp\/v2\/types\/page"}],"author":[{"embeddable":true,"href":"https:\/\/viametrix.com\/en\/wp-json\/wp\/v2\/users\/1"}],"replies":[{"embeddable":true,"href":"https:\/\/viametrix.com\/en\/wp-json\/wp\/v2\/comments?post=2076"}],"version-history":[{"count":0,"href":"https:\/\/viametrix.com\/en\/wp-json\/wp\/v2\/pages\/2076\/revisions"}],"up":[{"embeddable":true,"href":"https:\/\/viametrix.com\/en\/wp-json\/wp\/v2\/pages\/2407"}],"wp:attachment":[{"href":"https:\/\/viametrix.com\/en\/wp-json\/wp\/v2\/media?parent=2076"}],"curies":[{"name":"wp","href":"https:\/\/api.w.org\/{rel}","templated":true}]}}