{"id":6099,"date":"2022-12-10T20:00:46","date_gmt":"2022-12-10T17:00:46","guid":{"rendered":"https:\/\/viametrix.com\/?page_id=6099"},"modified":"2023-01-18T23:11:52","modified_gmt":"2023-01-18T20:11:52","slug":"mathcad","status":"publish","type":"page","link":"https:\/\/viametrix.com\/en\/mathcad\/","title":{"rendered":"Mathcad"},"content":{"rendered":"<div data-elementor-type=\"wp-page\" data-elementor-id=\"6099\" class=\"elementor elementor-6099\">\n\t\t\t\t\t\t<section class=\"elementor-section elementor-top-section elementor-element elementor-element-62f1367 ot-traditional elementor-section-boxed elementor-section-height-default elementor-section-height-default\" data-id=\"62f1367\" data-element_type=\"section\" data-e-type=\"section\">\n\t\t\t\t\t\t<div class=\"elementor-container elementor-column-gap-default\">\n\t\t\t\t\t<div class=\"elementor-column elementor-col-100 elementor-top-column elementor-element elementor-element-199fd1c ot-flex-column-vertical\" data-id=\"199fd1c\" data-element_type=\"column\" data-e-type=\"column\">\n\t\t\t<div class=\"elementor-widget-wrap elementor-element-populated\">\n\t\t\t\t\t\t<div class=\"elementor-element elementor-element-adc8b6b elementor-widget elementor-widget-heading\" data-id=\"adc8b6b\" data-element_type=\"widget\" data-e-type=\"widget\" data-widget_type=\"heading.default\">\n\t\t\t\t<div class=\"elementor-widget-container\">\n\t\t\t\t\t<h2 class=\"elementor-heading-title elementor-size-default\">The Best Tool for Engineering Calculations: PTC Mathcad!<\/h2>\t\t\t\t<\/div>\n\t\t\t\t<\/div>\n\t\t\t\t<div class=\"elementor-element elementor-element-db81fa6 elementor-widget elementor-widget-text-editor\" data-id=\"db81fa6\" data-element_type=\"widget\" data-e-type=\"widget\" data-widget_type=\"text-editor.default\">\n\t\t\t\t<div class=\"elementor-widget-container\">\n\t\t\t\t\t\t\t\t\t<div class=\"col-xs-12 col-md-8\"><div><div><div><div><p><br \/>Bir\u00e7o\u011fu, m\u00fchendislik hesaplamalar\u0131 i\u00e7in \u2018Hesap Tablosu\u2019 yaz\u0131l\u0131mlar\u0131n\u0131 kolayl\u0131k sa\u011flamak i\u00e7in kullan\u0131r. Ancak \u2018Hesap Tablosu\u2019 yaz\u0131l\u0131mlar\u0131 bu i\u015f i\u00e7in en iyi ara\u00e7 de\u011fildir. Mevcut \u2018Hesap Tablosu\u2019 yaz\u0131l\u0131mlar\u0131 ile elektronik tablolar\u0131n\u0131z\u0131 kullan\u0131rken dahi, verimlili\u011fi art\u0131rmak i\u00e7in \u00f6zel bir m\u00fchendislik hesaplama yaz\u0131l\u0131m\u0131n\u0131n faydalar\u0131n\u0131 ve konforunu ke\u015ffedin.<\/p><\/div><\/div><\/div><\/div><\/div>\t\t\t\t\t\t\t\t<\/div>\n\t\t\t\t<\/div>\n\t\t\t\t<section class=\"elementor-section elementor-inner-section elementor-element elementor-element-c6c21b0 ot-traditional elementor-section-boxed elementor-section-height-default elementor-section-height-default\" data-id=\"c6c21b0\" data-element_type=\"section\" data-e-type=\"section\">\n\t\t\t\t\t\t<div class=\"elementor-container elementor-column-gap-default\">\n\t\t\t\t\t<div class=\"elementor-column elementor-col-50 elementor-inner-column elementor-element elementor-element-805e42b ot-flex-column-vertical\" data-id=\"805e42b\" data-element_type=\"column\" data-e-type=\"column\">\n\t\t\t<div class=\"elementor-widget-wrap elementor-element-populated\">\n\t\t\t\t\t\t<div class=\"elementor-element elementor-element-26fc206 elementor-widget elementor-widget-image\" data-id=\"26fc206\" data-element_type=\"widget\" data-e-type=\"widget\" data-widget_type=\"image.default\">\n\t\t\t\t<div class=\"elementor-widget-container\">\n\t\t\t\t\t\t\t\t\t\t\t\t\t\t\t<img decoding=\"async\" width=\"300\" height=\"46\" src=\"https:\/\/viametrix.com\/wp-content\/uploads\/2022\/11\/ptc_mathcad_logo_standard_color-300x46.png\" class=\"attachment-medium size-medium wp-image-5240\" alt=\"\" srcset=\"https:\/\/viametrix.com\/wp-content\/uploads\/2022\/11\/ptc_mathcad_logo_standard_color-300x46.png 300w, https:\/\/viametrix.com\/wp-content\/uploads\/2022\/11\/ptc_mathcad_logo_standard_color.png 511w\" sizes=\"(max-width: 300px) 100vw, 300px\" \/>\t\t\t\t\t\t\t\t\t\t\t\t\t\t\t<\/div>\n\t\t\t\t<\/div>\n\t\t\t\t<div class=\"elementor-element elementor-element-5a598b3 elementor-widget elementor-widget-text-editor\" data-id=\"5a598b3\" data-element_type=\"widget\" data-e-type=\"widget\" data-widget_type=\"text-editor.default\">\n\t\t\t\t<div class=\"elementor-widget-container\">\n\t\t\t\t\t\t\t\t\t<div><div><div><p>M\u00fchendislik hesaplamalar\u0131 i\u00e7in \u2018Hesap Tablosu\u2019 yaz\u0131l\u0131mlar\u0131 m\u0131 kullan\u0131yorsunuz? Tekrar d\u00fc\u015f\u00fcn\u00fcn!<\/p><p>\u2018Hesap Tablosu\u2019 yaz\u0131l\u0131mlar\u0131, ba\u015flang\u0131\u00e7 seviyesinde temel muhasebe ve finans i\u00e7in, sat\u0131r ile birlikte s\u00fctunlar\u0131 kullanarak, hesaplamalar\u0131 tablo haline getirmek \u00fczere tasarlanm\u0131\u015ft\u0131r. O zamandan beri, matematik i\u015flevleri eklemek i\u00e7in zaman i\u00e7inde geli\u015ferek, orijinal \u0131zgara bi\u00e7imine sad\u0131k kalm\u0131\u015ft\u0131r.<\/p><p>\u2018Hesap Tablosu\u2019 uygun bir se\u00e7imdir, peki\u00a0<u><em><strong>engineers<\/strong> <\/em>for<\/u> the right choice?<\/p><\/div><\/div><\/div>\t\t\t\t\t\t\t\t<\/div>\n\t\t\t\t<\/div>\n\t\t\t\t\t<\/div>\n\t\t<\/div>\n\t\t\t\t<div class=\"elementor-column elementor-col-50 elementor-inner-column elementor-element elementor-element-3e48679 ot-flex-column-vertical\" data-id=\"3e48679\" data-element_type=\"column\" data-e-type=\"column\">\n\t\t\t<div class=\"elementor-widget-wrap elementor-element-populated\">\n\t\t\t\t\t\t<div class=\"elementor-element elementor-element-0fa9126 elementor-widget elementor-widget-video\" data-id=\"0fa9126\" data-element_type=\"widget\" data-e-type=\"widget\" data-settings=\"{&quot;youtube_url&quot;:&quot;https:\\\/\\\/youtu.be\\\/NWv1ciQeF3w&quot;,&quot;video_type&quot;:&quot;youtube&quot;,&quot;controls&quot;:&quot;yes&quot;}\" data-widget_type=\"video.default\">\n\t\t\t\t<div class=\"elementor-widget-container\">\n\t\t\t\t\t\t\t<div class=\"elementor-wrapper elementor-open-inline\">\n\t\t\t<div class=\"elementor-video\"><\/div>\t\t<\/div>\n\t\t\t\t\t\t<\/div>\n\t\t\t\t<\/div>\n\t\t\t\t\t<\/div>\n\t\t<\/div>\n\t\t\t\t\t<\/div>\n\t\t<\/section>\n\t\t\t\t\t<\/div>\n\t\t<\/div>\n\t\t\t\t\t<\/div>\n\t\t<\/section>\n\t\t\t\t<section class=\"elementor-section elementor-top-section elementor-element elementor-element-d434887 ot-traditional elementor-section-boxed elementor-section-height-default elementor-section-height-default\" data-id=\"d434887\" data-element_type=\"section\" data-e-type=\"section\">\n\t\t\t\t\t\t<div class=\"elementor-container elementor-column-gap-default\">\n\t\t\t\t\t<div class=\"elementor-column elementor-col-100 elementor-top-column elementor-element elementor-element-46aef1e ot-flex-column-vertical\" data-id=\"46aef1e\" data-element_type=\"column\" data-e-type=\"column\">\n\t\t\t<div class=\"elementor-widget-wrap elementor-element-populated\">\n\t\t\t\t\t\t<div class=\"elementor-element elementor-element-bf0c185 elementor-widget elementor-widget-heading\" data-id=\"bf0c185\" data-element_type=\"widget\" data-e-type=\"widget\" data-widget_type=\"heading.default\">\n\t\t\t\t<div class=\"elementor-widget-container\">\n\t\t\t\t\t<h2 class=\"elementor-heading-title elementor-size-default\">The key difference between Mathcad and spreadsheet software<\/h2>\t\t\t\t<\/div>\n\t\t\t\t<\/div>\n\t\t\t\t<section class=\"elementor-section elementor-inner-section elementor-element elementor-element-6612563 ot-traditional elementor-section-boxed elementor-section-height-default elementor-section-height-default\" data-id=\"6612563\" data-element_type=\"section\" data-e-type=\"section\">\n\t\t\t\t\t\t<div class=\"elementor-container elementor-column-gap-default\">\n\t\t\t\t\t<div class=\"elementor-column elementor-col-50 elementor-inner-column elementor-element elementor-element-982b10a ot-flex-column-vertical\" data-id=\"982b10a\" data-element_type=\"column\" data-e-type=\"column\">\n\t\t\t<div class=\"elementor-widget-wrap elementor-element-populated\">\n\t\t\t\t\t\t<div class=\"elementor-element elementor-element-828650b elementor-widget elementor-widget-image\" data-id=\"828650b\" data-element_type=\"widget\" data-e-type=\"widget\" data-widget_type=\"image.default\">\n\t\t\t\t<div class=\"elementor-widget-container\">\n\t\t\t\t\t\t\t\t\t\t\t\t\t\t\t<img fetchpriority=\"high\" decoding=\"async\" width=\"750\" height=\"500\" src=\"https:\/\/viametrix.com\/wp-content\/uploads\/2022\/12\/hesap_tablosu.png\" class=\"attachment-large size-large wp-image-6115\" alt=\"\" srcset=\"https:\/\/viametrix.com\/wp-content\/uploads\/2022\/12\/hesap_tablosu.png 750w, https:\/\/viametrix.com\/wp-content\/uploads\/2022\/12\/hesap_tablosu-300x200.png 300w, https:\/\/viametrix.com\/wp-content\/uploads\/2022\/12\/hesap_tablosu-720x480.png 720w\" sizes=\"(max-width: 750px) 100vw, 750px\" \/>\t\t\t\t\t\t\t\t\t\t\t\t\t\t\t<\/div>\n\t\t\t\t<\/div>\n\t\t\t\t\t<\/div>\n\t\t<\/div>\n\t\t\t\t<div class=\"elementor-column elementor-col-50 elementor-inner-column elementor-element elementor-element-1681252 ot-flex-column-vertical\" data-id=\"1681252\" data-element_type=\"column\" data-e-type=\"column\">\n\t\t\t<div class=\"elementor-widget-wrap elementor-element-populated\">\n\t\t\t\t\t\t<div class=\"elementor-element elementor-element-9f881ae elementor-widget elementor-widget-image\" data-id=\"9f881ae\" data-element_type=\"widget\" data-e-type=\"widget\" data-widget_type=\"image.default\">\n\t\t\t\t<div class=\"elementor-widget-container\">\n\t\t\t\t\t\t\t\t\t\t\t\t\t\t\t<img decoding=\"async\" width=\"750\" height=\"500\" src=\"https:\/\/viametrix.com\/wp-content\/uploads\/2022\/12\/mathcad_equation750x500_dark.png\" class=\"attachment-large size-large wp-image-6116\" alt=\"\" srcset=\"https:\/\/viametrix.com\/wp-content\/uploads\/2022\/12\/mathcad_equation750x500_dark.png 750w, https:\/\/viametrix.com\/wp-content\/uploads\/2022\/12\/mathcad_equation750x500_dark-300x200.png 300w, https:\/\/viametrix.com\/wp-content\/uploads\/2022\/12\/mathcad_equation750x500_dark-720x480.png 720w\" sizes=\"(max-width: 750px) 100vw, 750px\" \/>\t\t\t\t\t\t\t\t\t\t\t\t\t\t\t<\/div>\n\t\t\t\t<\/div>\n\t\t\t\t\t<\/div>\n\t\t<\/div>\n\t\t\t\t\t<\/div>\n\t\t<\/section>\n\t\t\t\t<section class=\"elementor-section elementor-inner-section elementor-element elementor-element-34407fa ot-traditional elementor-section-boxed elementor-section-height-default elementor-section-height-default\" data-id=\"34407fa\" data-element_type=\"section\" data-e-type=\"section\">\n\t\t\t\t\t\t<div class=\"elementor-container elementor-column-gap-default\">\n\t\t\t\t\t<div class=\"elementor-column elementor-col-50 elementor-inner-column elementor-element elementor-element-23b2d3c ot-flex-column-vertical\" data-id=\"23b2d3c\" data-element_type=\"column\" data-e-type=\"column\">\n\t\t\t<div class=\"elementor-widget-wrap elementor-element-populated\">\n\t\t\t\t\t\t<div class=\"elementor-element elementor-element-7ad4f0d elementor-widget elementor-widget-text-editor\" data-id=\"7ad4f0d\" data-element_type=\"widget\" data-e-type=\"widget\" data-widget_type=\"text-editor.default\">\n\t\t\t\t<div class=\"elementor-widget-container\">\n\t\t\t\t\t\t\t\t\t<p>Tipik m\u00fchendislik matemati\u011fi, \u2018Hesap Tablosu\u2019 yaz\u0131l\u0131m\u0131nda yukar\u0131daki gibi g\u00f6r\u00fcn\u00fcr. M\u00fchendislik bilgisi ile u\u011fra\u015fman\u0131z gerekirken, h\u00fccre referanslar\u0131 ve parantez kaosu i\u00e7inde kaybolursunuz. Elektronik tablo matemati\u011fi ile yapm\u0131\u015f oldu\u011funuz \u00e7al\u0131\u015fmay\u0131 kontrol etmek ve do\u011frulamak zordur. Ayr\u0131ca, tabloda m\u00fchendislik \u2018birim de\u011ferleri\u2019 olmad\u0131\u011f\u0131ndan, g\u00f6renler bu form\u00fcl\u00fcn ne i\u00e7in oldu\u011funu anlamakta zorlan\u0131rlar.<\/p>\t\t\t\t\t\t\t\t<\/div>\n\t\t\t\t<\/div>\n\t\t\t\t\t<\/div>\n\t\t<\/div>\n\t\t\t\t<div class=\"elementor-column elementor-col-50 elementor-inner-column elementor-element elementor-element-58de1c4 ot-flex-column-vertical\" data-id=\"58de1c4\" data-element_type=\"column\" data-e-type=\"column\">\n\t\t\t<div class=\"elementor-widget-wrap elementor-element-populated\">\n\t\t\t\t\t\t<div class=\"elementor-element elementor-element-619fdc0 elementor-widget elementor-widget-text-editor\" data-id=\"619fdc0\" data-element_type=\"widget\" data-e-type=\"widget\" data-widget_type=\"text-editor.default\">\n\t\t\t\t<div class=\"elementor-widget-container\">\n\t\t\t\t\t\t\t\t\t<section class=\"two-column-two-media ptc-section\"><div class=\"container\"><div class=\"row\"><div class=\"col-xs-12 col-md-12\"><div class=\"row two-column-two-media-container\"><div class=\"col-xs-12 col-sm-6\"><p>PTC Mathcad was built to meet the needs of engineers \u2014 combining the power of a computational engine with a natural math notation interface.\u00a0\u00a0<span style=\"color: #6d6d6d; font-family: Nunito Sans, sans-serif;\"><br \/><\/span><\/p><\/div><\/div><\/div><\/div><\/div><\/section>\t\t\t\t\t\t\t\t<\/div>\n\t\t\t\t<\/div>\n\t\t\t\t\t<\/div>\n\t\t<\/div>\n\t\t\t\t\t<\/div>\n\t\t<\/section>\n\t\t\t\t\t<\/div>\n\t\t<\/div>\n\t\t\t\t\t<\/div>\n\t\t<\/section>\n\t\t\t\t<section class=\"elementor-section elementor-top-section elementor-element elementor-element-a534e0b ot-traditional elementor-section-boxed elementor-section-height-default elementor-section-height-default\" data-id=\"a534e0b\" data-element_type=\"section\" data-e-type=\"section\">\n\t\t\t\t\t\t<div class=\"elementor-container elementor-column-gap-default\">\n\t\t\t\t\t<div class=\"elementor-column elementor-col-100 elementor-top-column elementor-element elementor-element-0474ee3 ot-flex-column-vertical\" data-id=\"0474ee3\" data-element_type=\"column\" data-e-type=\"column\">\n\t\t\t<div class=\"elementor-widget-wrap elementor-element-populated\">\n\t\t\t\t\t\t<div class=\"elementor-element elementor-element-2eb3ed1 elementor-widget elementor-widget-heading\" data-id=\"2eb3ed1\" data-element_type=\"widget\" data-e-type=\"widget\" data-widget_type=\"heading.default\">\n\t\t\t\t<div class=\"elementor-widget-container\">\n\t\t\t\t\t<h2 class=\"elementor-heading-title elementor-size-default\">Mathcad's approach to engineering calculations<\/h2>\t\t\t\t<\/div>\n\t\t\t\t<\/div>\n\t\t\t\t<div class=\"elementor-element elementor-element-cfe501c elementor-widget elementor-widget-text-editor\" data-id=\"cfe501c\" data-element_type=\"widget\" data-e-type=\"widget\" data-widget_type=\"text-editor.default\">\n\t\t\t\t<div class=\"elementor-widget-container\">\n\t\t\t\t\t\t\t\t\t<h6><strong>Choose Mathcad! Because unlike spreadsheet software, Mathcad displays calculations in standard mathematical notation that anyone can read and verify.<\/strong><\/h6><p>Mathcad gives engineers a dedicated environment for engineering mathematics \u2014 with units, symbolic math, and documentation all in one place.<\/p>\t\t\t\t\t\t\t\t<\/div>\n\t\t\t\t<\/div>\n\t\t\t\t\t<\/div>\n\t\t<\/div>\n\t\t\t\t\t<\/div>\n\t\t<\/section>\n\t\t\t\t<section class=\"elementor-section elementor-top-section elementor-element elementor-element-5c615ba ot-traditional elementor-section-boxed elementor-section-height-default elementor-section-height-default\" data-id=\"5c615ba\" data-element_type=\"section\" data-e-type=\"section\">\n\t\t\t\t\t\t<div class=\"elementor-container elementor-column-gap-default\">\n\t\t\t\t\t<div class=\"elementor-column elementor-col-100 elementor-top-column elementor-element elementor-element-687fcf5 ot-flex-column-vertical\" data-id=\"687fcf5\" data-element_type=\"column\" data-e-type=\"column\">\n\t\t\t<div class=\"elementor-widget-wrap\">\n\t\t\t\t\t\t\t<\/div>\n\t\t<\/div>\n\t\t\t\t\t<\/div>\n\t\t<\/section>\n\t\t\t\t<\/div>","protected":false},"excerpt":{"rendered":"<p>M\u00fchendislik Hesaplamalar\u0131 i\u00e7in En \u0130yi Ara\u00e7; PTC Mathcad! Bir\u00e7o\u011fu, m\u00fchendislik hesaplamalar\u0131 i\u00e7in \u2018Hesap Tablosu\u2019 yaz\u0131l\u0131mlar\u0131n\u0131 kolayl\u0131k sa\u011flamak i\u00e7in kullan\u0131r. Ancak \u2018Hesap Tablosu\u2019 yaz\u0131l\u0131mlar\u0131 bu i\u015f i\u00e7in en iyi ara\u00e7 de\u011fildir. Mevcut \u2018Hesap Tablosu\u2019 yaz\u0131l\u0131mlar\u0131 ile elektronik tablolar\u0131n\u0131z\u0131 kullan\u0131rken dahi, verimlili\u011fi art\u0131rmak i\u00e7in \u00f6zel bir m\u00fchendislik hesaplama yaz\u0131l\u0131m\u0131n\u0131n faydalar\u0131n\u0131 ve konforunu ke\u015ffedin. M\u00fchendislik hesaplamalar\u0131 i\u00e7in \u2018Hesap [&hellip;]<\/p>\n","protected":false},"author":1,"featured_media":0,"parent":0,"menu_order":0,"comment_status":"closed","ping_status":"closed","template":"","meta":{"_mi_skip_tracking":false,"footnotes":""},"class_list":["post-6099","page","type-page","status-publish","hentry"],"aioseo_notices":[],"_links":{"self":[{"href":"https:\/\/viametrix.com\/en\/wp-json\/wp\/v2\/pages\/6099","targetHints":{"allow":["GET"]}}],"collection":[{"href":"https:\/\/viametrix.com\/en\/wp-json\/wp\/v2\/pages"}],"about":[{"href":"https:\/\/viametrix.com\/en\/wp-json\/wp\/v2\/types\/page"}],"author":[{"embeddable":true,"href":"https:\/\/viametrix.com\/en\/wp-json\/wp\/v2\/users\/1"}],"replies":[{"embeddable":true,"href":"https:\/\/viametrix.com\/en\/wp-json\/wp\/v2\/comments?post=6099"}],"version-history":[{"count":0,"href":"https:\/\/viametrix.com\/en\/wp-json\/wp\/v2\/pages\/6099\/revisions"}],"wp:attachment":[{"href":"https:\/\/viametrix.com\/en\/wp-json\/wp\/v2\/media?parent=6099"}],"curies":[{"name":"wp","href":"https:\/\/api.w.org\/{rel}","templated":true}]}}