{"id":6375,"date":"2022-12-14T23:42:52","date_gmt":"2022-12-14T20:42:52","guid":{"rendered":"https:\/\/viametrix.com\/?page_id=6375"},"modified":"2022-12-15T01:17:18","modified_gmt":"2022-12-14T22:17:18","slug":"anti-bribery","status":"publish","type":"page","link":"https:\/\/viametrix.com\/en\/anti-bribery\/","title":{"rendered":"R\u00fc\u015fvet ve Yolsuzlukla M\u00fccadele Politikas\u0131"},"content":{"rendered":"<div data-elementor-type=\"wp-page\" data-elementor-id=\"6375\" class=\"elementor elementor-6375\">\n\t\t\t\t\t\t<section class=\"elementor-section elementor-top-section elementor-element elementor-element-62f1367 ot-traditional elementor-section-boxed elementor-section-height-default elementor-section-height-default\" data-id=\"62f1367\" data-element_type=\"section\" data-e-type=\"section\">\n\t\t\t\t\t\t<div class=\"elementor-container elementor-column-gap-default\">\n\t\t\t\t\t<div class=\"elementor-column elementor-col-100 elementor-top-column elementor-element elementor-element-199fd1c ot-flex-column-vertical\" data-id=\"199fd1c\" data-element_type=\"column\" data-e-type=\"column\">\n\t\t\t<div class=\"elementor-widget-wrap elementor-element-populated\">\n\t\t\t\t\t\t<div class=\"elementor-element elementor-element-adc8b6b elementor-widget elementor-widget-heading\" data-id=\"adc8b6b\" data-element_type=\"widget\" data-e-type=\"widget\" data-widget_type=\"heading.default\">\n\t\t\t\t<div class=\"elementor-widget-container\">\n\t\t\t\t\t<h2 class=\"elementor-heading-title elementor-size-default\">\"R\u00fc\u015fvet ve Yolsuzlukla M\u00fccadele Politikas\u0131\"<\/h2>\t\t\t\t<\/div>\n\t\t\t\t<\/div>\n\t\t\t\t<div class=\"elementor-element elementor-element-db81fa6 elementor-widget elementor-widget-text-editor\" data-id=\"db81fa6\" data-element_type=\"widget\" data-e-type=\"widget\" data-widget_type=\"text-editor.default\">\n\t\t\t\t<div class=\"elementor-widget-container\">\n\t\t\t\t\t\t\t\t\t<ol><li><strong>Ama\u00e7<\/strong><\/li><\/ol><p>R\u00fc\u015fvet ve Yolsuzlukla M\u00fccadele Politikas\u0131n\u0131n (\u201cPolitika\u201d) amac\u0131 VIAMETRIX Yaz\u0131l\u0131m ve M\u00fchendislik Sanayi Ticaret Limited \u015eirketi\u2019nin (\u201cVIAMETRIX\u201d) \u0130\u015f Eti\u011fi Kurallar\u0131nda da yer alan r\u00fc\u015fvet ve yolsuzluk kar\u015f\u0131t\u0131 politikalar\u0131n\u0131n ortaya konulmas\u0131d\u0131r.<\/p><ol start=\"2\"><li><strong>Kapsam<\/strong><\/li><\/ol><p>R\u00fc\u015fvet ve yolsuzlukla m\u00fccadele politikas\u0131;<\/p><ul><li>VIAMETRIX Y\u00f6netim Kurulu da dahil olmak \u00fczere t\u00fcm VIAMETRIX \u00e7al\u0131\u015fanlar\u0131n\u0131,<\/li><li>Mal ve hizmet ald\u0131\u011f\u0131m\u0131z firmalar\u0131 ve \u00e7al\u0131\u015fanlar\u0131n\u0131, tedarik\u00e7i, dan\u0131\u015fmanlar, avukatlar, d\u0131\u015f denet\u00e7iler de dahil olmak \u00fczere VIAMETRIX ad\u0131na g\u00f6rev yapan ki\u015fi ve kurulu\u015flar\u0131 (i\u015f ortaklar\u0131) kapsamaktad\u0131r.<\/li><\/ul><p>Bu Politika;<\/p><ul><li>VIAMETRIX Y\u00f6netim Kurulu\u2019nca onaylanm\u0131\u015f ve kamuya a\u00e7\u0131klanm\u0131\u015f Kurumsal Y\u00f6netim \u0130lkeleri\u2019nin ve VIAMETRIX \u0130\u015f Eti\u011fi Kurallar\u0131n\u0131n,<\/li><li>Birle\u015fmi\u015f Milletler \u2019in K\u00fcresel \u0130lkeler S\u00f6zle\u015fmesi\u2019ne kat\u0131larak uymay\u0131 taahh\u00fct etti\u011fimiz ilkelerin,<\/li><li>\u0130nsan Kaynaklar\u0131 Uygulamalar\u0131n\u0131n ayr\u0131lmaz bir par\u00e7as\u0131d\u0131r.<\/li><\/ul><ol start=\"3\"><li><strong>Tan\u0131mlar<\/strong><\/li><\/ol><p><strong>Yolsuzluk<\/strong>, bulunulan konum nedeniyle sahip olunan yetkinin do\u011frudan veya dolayl\u0131 olarak her nevi kazan\u00e7 sa\u011flama amac\u0131yla k\u00f6t\u00fcye kullan\u0131lmas\u0131d\u0131r.<\/p><p><strong>R\u00fc\u015fvet<\/strong>\u00a0ise bir ki\u015finin, g\u00f6revinin ifas\u0131 ile ilgili bir i\u015fi yapmas\u0131, yapt\u0131rmas\u0131, yapmamas\u0131, h\u0131zland\u0131rmas\u0131, yava\u015flatmas\u0131 amac\u0131yla do\u011frudan veya arac\u0131lar vas\u0131tas\u0131yla, menfaat temin, teklif veya vaat edilmesi; talep veya kabul edilmesi; bunlara arac\u0131l\u0131k edilmesi gibi yollarla g\u00f6revinin gereklerine ayk\u0131r\u0131 davranmas\u0131 i\u00e7in bir ba\u015fka ki\u015fiyle vard\u0131\u011f\u0131 anla\u015fma \u00e7er\u00e7evesinde kendisine veya bunu talep eden tarafa veya bu ili\u015fki dolay\u0131s\u0131yla bir ba\u015fkas\u0131na \u00e7\u0131kar sa\u011flamas\u0131d\u0131r.<\/p><p>R\u00fc\u015fvet ve yolsuzluk pek \u00e7ok farkl\u0131 \u015fekilde ger\u00e7ekle\u015ftirilebilir, bunlar aras\u0131nda:<\/p><ul><li>Nakit \u00f6demeler,<\/li><li>Siyasi ya da di\u011fer ba\u011f\u0131\u015flar,<\/li><li>Komisyon,<\/li><li>Sosyal haklar,<\/li><li>Hediye, a\u011f\u0131rlama,<\/li><li>Di\u011fer menfaatler say\u0131labilir.<\/li><\/ul><ol start=\"4\"><li><strong>G\u00f6rev ve Sorumluluklar<\/strong><\/li><\/ol><p>R\u00fc\u015fvet ve Yolsuzlukla M\u00fccadele Politikas\u0131n\u0131n uygulanmas\u0131 ve g\u00fcncellenmesi Y\u00f6netim Kurulu\u2019 nun yetki, g\u00f6rev ve sorumlulu\u011fundad\u0131r. Bu \u00e7er\u00e7evede;<\/p><ul><li>Kurumsal Y\u00f6netim Komitesi\u2019nin etik, g\u00fcvenilir, yasaya uygun ve kontroll\u00fc bir \u00e7al\u0131\u015fma ortam\u0131 tesis edilmesi i\u00e7in Y\u00f6netim Kurulu\u2019na tavsiyede bulunmas\u0131,<\/li><li>\u00dcst d\u00fczey y\u00f6netimin Y\u00f6netim Kurulu\u2019nun belirleyece\u011fi esaslara uygun olarak risklerini de\u011ferlendirmeleri ve gerekli kontrol mekanizmalar\u0131n\u0131 tesis etmeleri,<\/li><li>Denetim B\u00f6l\u00fcm Ba\u015fkanl\u0131\u011f\u0131, Mali \u0130\u015fler Hukuk Muhasebe ve Yat\u0131r\u0131mc\u0131 \u0130li\u015fkileri B\u00f6l\u00fcm Ba\u015fkanl\u0131\u011f\u0131 ile Etik Kurul kendi g\u00f6rev alanlar\u0131nda VIAMETRIX faaliyetlerinin g\u00fcvenli ve yasal d\u00fczenlemelere uyumlu \u015fekilde y\u00fcr\u00fct\u00fcl\u00fcp y\u00fcr\u00fct\u00fclmedi\u011finin takibinin yap\u0131lmas\u0131,<\/li><li>Politikalara, kural ve d\u00fczenlemelere uyulmamas\u0131 durumunda bildirim, inceleme ve yapt\u0131r\u0131m mekanizmalar\u0131n\u0131n belirlenmesi ve i\u015fletilmesi gerekmektedir.<\/li><\/ul><p>Ayr\u0131ca, t\u00fcm VIAMETRIX \u00e7al\u0131\u015fanlar\u0131,<\/p><ul><li>Y\u00f6netim Kurulu\u2019nca belirlenen politikalara uyum sa\u011flamak,<\/li><li>Kendi faaliyet alanlar\u0131 ile ilgili risklerin etkin \u015fekilde y\u00f6netmek,<\/li><li>\u0130lgili yasal d\u00fczenlemelere ve VIAMETRIX uygulamalar\u0131na uyumlu bir \u015fekilde \u00e7al\u0131\u015fmak,<\/li><li>Politika \u2018ya ayk\u0131r\u0131 bir davran\u0131\u015f, faaliyet ya da uygulama ile kar\u015f\u0131la\u015f\u0131lmas\u0131 durumunda Etik Kurul\u2019a bildirmek ile sorumludur.<\/li><\/ul><ol start=\"5\"><li><strong>Mal ve Hizmet Al\u0131nan ve Sat\u0131lan Firmalar ve \u0130\u015f Ortaklar\u0131<\/strong><\/li><\/ol><p>Mal ve hizmet al\u0131nan ve sat\u0131lan firmalar\u0131n ve i\u015f ortaklar\u0131n\u0131n, Politika esaslar\u0131na ve ilgili di\u011fer yasal d\u00fczenlemelere uyum sa\u011flamas\u0131 zorunludur ve bunlara uymayan ki\u015fi ve kurulu\u015flar ile \u00e7al\u0131\u015fmalar sonland\u0131r\u0131l\u0131r.<\/p><p><strong>5.1 Firma ve \u0130\u015f Ortaklar\u0131n\u0131n Se\u00e7imi<\/strong><\/p><p>\u00dcst d\u00fczey y\u00f6netimce, mal ve hizmet al\u0131nan ve sat\u0131lan firmalar\u0131n ve i\u015f ortaklar\u0131n\u0131n se\u00e7imi a\u015famas\u0131nda tecr\u00fcbe, mali performans, teknik yeterlilik gibi kriterleri ile birlikte etik d\u00fczeyleri ve bu alanda olumlu bir ge\u00e7mi\u015fe sahip olmalar\u0131 da dikkate al\u0131n\u0131r. R\u00fc\u015fvet veya yolsuzlukla ilgili olumsuz istihbarat\u0131 olan firma ya da i\u015f ortaklar\u0131yla, di\u011fer kriterleri kar\u015f\u0131lasalar bile \u00e7al\u0131\u015f\u0131lmaz. Bu kapsamda herhangi bir i\u015f ili\u015fkisine girmeden \u00f6nce gerekli ara\u015ft\u0131rma ve de\u011ferlendirmelerin yap\u0131lmas\u0131 sorumlulu\u011fu \u00f6ncelikle \u00fcst d\u00fczey y\u00f6netimdedir. Denetim B\u00f6l\u00fcm\u00fc denetimlerinde s\u00f6z konusu hususlara uygun davran\u0131l\u0131p davran\u0131lmad\u0131\u011f\u0131n\u0131 de\u011ferlendirir.<\/p><p><strong>5.2 Firma ve \u0130\u015f Ortaklar\u0131 \u0130le Anla\u015fma Sa\u011flanmas\u0131<\/strong><\/p><p>Olumlu istihbarat\u0131 olan ve di\u011fer kriterleri kar\u015f\u0131layan firma ve i\u015f ortaklar\u0131yla yap\u0131lacak anla\u015fma ve s\u00f6zle\u015fmelerde;<\/p><ul><li>Politikada belirtilen esaslara ve ilgili di\u011fer d\u00fczenlemelere tam uyum sa\u011flanmas\u0131,<\/li><li>\u00c7al\u0131\u015fanlar\u0131n\u0131n bu esaslar\u0131 \u00f6z\u00fcmsemesi ve buna uygun davranmas\u0131,<\/li><li>Belirli periyotlarla \u00e7al\u0131\u015fanlar\u0131n\u0131n Politika ile ilgili e\u011fitimler almalar\u0131n\u0131n sa\u011flanmas\u0131,<\/li><li>\u00c7al\u0131\u015fanlar\u0131na bildirim y\u00fck\u00fcml\u00fcl\u00fckleri ve Etik Hatt\u0131 ile ilgili d\u00fczenli hat\u0131rlatma yapmas\u0131 ve b\u00f6yle durumlarla kar\u015f\u0131la\u015fmalar\u0131 durumunda bildirim yapmalar\u0131n\u0131 te\u015fvik etmesi ile ilgili \u015fartlara yer verilir. Bunlara uyulmamas\u0131 ya da Politika \u2019ya ayk\u0131r\u0131 bir durum olu\u015fmas\u0131 durumunda \u00e7al\u0131\u015fman\u0131n ve y\u00fcr\u00fcrl\u00fckteki s\u00f6zle\u015fmelerin hakl\u0131 sebeple sonland\u0131r\u0131laca\u011f\u0131na ili\u015fkin h\u00fck\u00fcmlere yer verilir.<\/li><\/ul><ol start=\"6\"><li><strong>Politika ve Prosed\u00fcrlerimiz<\/strong><\/li><\/ol><p><strong>6.1\u00a0R\u00fc\u015fvet ve Yolsuzluk<\/strong><\/p><p>VIAMETRIX her t\u00fcrl\u00fc r\u00fc\u015fvet ve yolsuzlu\u011fun kar\u015f\u0131s\u0131ndad\u0131r. Amac\u0131 ne olursa olsun r\u00fc\u015fvet al\u0131nmas\u0131 ya da verilmesi kesinlikle kabul edilemez.<\/p><p>R\u00fc\u015fvet veya yolsuzluk arac\u0131l\u0131\u011f\u0131yla VIAMETRIX\u2019 le i\u015f yapmak isteyen 3. taraflarla i\u015f ili\u015fkisinin devam ettirilmemesi gerekmektedir.<\/p><p><strong>6.2\u00a0Hediye<\/strong><\/p><p>Hediye, maddi bir \u00f6deme gerektirmeyen ve genelde i\u015f ili\u015fkisinde bulunulan ki\u015filer ya da m\u00fc\u015fteriler taraf\u0131ndan te\u015fekk\u00fcr ya da ticari nezaket icab\u0131 verilen bir \u00fcr\u00fcnd\u00fcr.<\/p><p>VIAMETRIX taraf\u0131ndan \u00fc\u00e7\u00fcnc\u00fc \u015fah\u0131slara teklif edilen ya da verilen her t\u00fcrl\u00fc hediye alenen, iyi niyetle ve ko\u015fulsuz olarak teklif edilmelidir. Bu kapsamda verilebilecek hediyeler ve bunlar\u0131n kay\u0131t alt\u0131na al\u0131nmas\u0131 ile ilgili esaslar VIAMETRIX \u0130\u015f Eti\u011fi Kurallar\u0131nda yer alan Hediye Kabul Etme ve Verme Politikas\u0131nda yaz\u0131l\u0131 hale getirilmi\u015ftir.<\/p><p>Hediyenin kabul edilebilmesi i\u00e7in de ayn\u0131 prensipler ge\u00e7erlidir ve bu prensiplerde yer verilen maddi de\u011feri y\u00fcksek olmayan, sembolik hediyelerin d\u0131\u015f\u0131nda kesinlikle hediye kabul edilmemelidir. Ayr\u0131ca, bu kapsamda olsa bile hediye kabul\u00fcn\u00fcn s\u0131kl\u0131k arz etmemesi, kabul edilen hediyelerle ilgili kabul eden taraf\u0131ndan ilk amiri kanal\u0131yla \u015firket \u0130K ve \u00fcst y\u00f6netimine bildirimde bulunulmas\u0131 gerekmektedir.<\/p><p><strong>6.3\u00a0Kolayla\u015ft\u0131rma \u00d6demeleri<\/strong><\/p><p>Bu Politikan\u0131n kapsam\u0131nda yer alan ki\u015fi ve kurulu\u015flar\u0131n, devlet kurumlar\u0131 ile rutin bir i\u015flemi ya da s\u00fcreci (izin ve ruhsat almak, belge temin etmek, vb.) g\u00fcvenceye almak ya da h\u0131zland\u0131rmak i\u00e7in kolayla\u015ft\u0131rma \u00f6demeleri teklif edilmez.<\/p><p><strong>6.4\u00a0Ba\u011f\u0131\u015flar<\/strong><\/p><p>VIAMETRIX\u2019 in tabi oldu\u011fu Sermaye Piyasas\u0131 Kanunu ve ilgili mevzuat ile ba\u011f\u0131\u015f ve yard\u0131mlara baz\u0131 yasal s\u0131n\u0131rlamalar getirilmi\u015ftir. Buna g\u00f6re; haz\u0131rlanan Ba\u011f\u0131\u015f ve Yard\u0131m Politikas\u0131 internet sitesinde ilan edilmi\u015f ve Genel Kurul\u2019un onay\u0131ndan ge\u00e7mi\u015ftir.<\/p><p>VIAMETRIX, \u00e7al\u0131\u015fanlar\u0131n\u0131n i\u015flerinden ba\u011f\u0131ms\u0131z olarak kendi toplad\u0131klar\u0131 tutarlarla hay\u0131r kurumlar\u0131n\u0131 desteklemeleri VIAMETRIX Ba\u011f\u0131\u015f ve Yard\u0131m Politikas\u0131n\u0131n d\u0131\u015f\u0131ndad\u0131r. Ancak, bu noktada da VIAMETRIX \u0130\u015f Eti\u011fi Kurallar\u0131nda yer alan prensipler ge\u00e7erlidir.<\/p><ol start=\"7\"><li><strong>Hatas\u0131z Kay\u0131t Tutma<\/strong><\/li><\/ol><p>VIAMETRIX\u2019 in muhasebe ve kay\u0131t sistemi ile ilgili uymak zorunda oldu\u011fu hususlar yasal d\u00fczenlemeler, ile d\u00fczenlenmi\u015ftir. Buna g\u00f6re;<\/p><ul><li>\u00dc\u00e7\u00fcnc\u00fc \u015fah\u0131slarla (m\u00fc\u015fteriler, tedarik\u00e7iler, vb.) ili\u015fkilere ait her t\u00fcrl\u00fc hesap, fatura ve belgenin, eksiksiz, kesin ve do\u011frulu\u011funa g\u00fcvenilir \u015fekilde kayda ge\u00e7irilmesi ve muhafaza edilmesi,<\/li><li>Herhangi bir i\u015fleme ili\u015fkin muhasebe ya da benzer ticari kay\u0131tlar \u00fczerinde tahrifat yap\u0131lmamas\u0131 ve ger\u00e7eklerin sapt\u0131r\u0131lmamas\u0131 gerekmektedir.<\/li><\/ul><ol start=\"8\"><li><strong>E\u011fitim ve \u0130leti\u015fim<\/strong><\/li><\/ol><p>R\u00fc\u015fvet ve Yolsuzlukla M\u00fccadele Politikas\u0131, VIAMETRIX \u00e7al\u0131\u015fanlar\u0131na duyurulmu\u015f ve E\u011e\u0130T\u0130MLER arac\u0131l\u0131\u011f\u0131yla da s\u00fcrekli ve kolayl\u0131kla eri\u015filebilir durumdad\u0131r.<\/p><p>\u00c7al\u0131\u015fanlar\u0131n fark\u0131ndal\u0131\u011f\u0131n\u0131n art\u0131r\u0131lmas\u0131 i\u00e7in \u00f6nemli bir enstr\u00fcmand\u0131r. T\u00fcm \u00e7al\u0131\u015fanlar\u0131n kat\u0131l\u0131m\u0131n\u0131n zorunlu oldu\u011fu e\u011fitim programlar\u0131 tasarlar.<\/p><ol start=\"9\"><li><strong>Politika \u0130hlallerinin Bildirimi<\/strong><\/li><\/ol><p>Bir \u00e7al\u0131\u015fan ya da VIAMETRIX ad\u0131na hareket eden bir ki\u015finin i\u015fbu politikaya ayk\u0131r\u0131 hareket etti\u011fi y\u00f6n\u00fcnde g\u00f6r\u00fc\u015f ya da \u015f\u00fcphe varsa, Etik Kurul\u2019 a iletilmelidir. VIAMETRIX \u0130\u015f Eti\u011fi Kurallar\u0131 ile ilgili hususlar belirli periyotlarla VIAMETRIX \u00e7al\u0131\u015fanlar\u0131na hat\u0131rlat\u0131lmaktad\u0131r.<\/p><p>VIAMETRIX, d\u00fcr\u00fcst ve \u015feffaf bir yakla\u015f\u0131m\u0131 te\u015fvik etmekte olup; iyi niyetle i\u00e7ten kayg\u0131lar\u0131n\u0131 dile getiren herhangi bir \u00e7al\u0131\u015fan\u0131n\u0131 ya da VIAMETRIX ad\u0131na hareket eden bir ki\u015fiyi desteklemektedir ve bildirimleri gizli tutmaktad\u0131r. Hi\u00e7bir \u00e7al\u0131\u015fan Etik Kurula yapm\u0131\u015f oldu\u011fu Etik Kural ihlali oldu\u011funa inand\u0131\u011f\u0131 bir bildirim nedeniyle bask\u0131 veya cezaland\u0131rmaya tabi tutulamaz, Etik Kurulun yaz\u0131l\u0131 oluru al\u0131nmadan g\u00f6rev kapsam\u0131 veya yerinde bu nedenle bir de\u011fi\u015fiklik yap\u0131lamaz.<\/p><p>Bildirim yapan ki\u015finin, bu t\u00fcr bir muameleye maruz kalmas\u0131 durumunda bunu Etik Kurul\u2019a iletmesi gerekmektedir.<\/p><p>Mal ve hizmet al\u0131nan firma ya da i\u015f ortaklar\u0131n\u0131n da \u00e7al\u0131\u015fanlar\u0131na Etik Hat ile ilgili d\u00fczenli hat\u0131rlatma yapmas\u0131 ve b\u00f6yle durumlarla kar\u015f\u0131la\u015fmalar\u0131 durumunda bildirim yapmalar\u0131n\u0131 te\u015fvik etmesi gerekmektedir. Bu husus yap\u0131lan s\u00f6zle\u015fmelerle de garanti alt\u0131na al\u0131n\u0131r.<\/p><ol start=\"10\"><li><strong>Politika \u0130hlalleri<\/strong><\/li><\/ol><p>Politikaya ayk\u0131r\u0131 olan veya olma ihtimali olan durumlarda, konu Etik Kurul\u2019unca incelenir ve uygunsuz davran\u0131\u015flar\u0131n tespiti halinde gerekli yapt\u0131r\u0131mlar uygulan\u0131r.<\/p><p>Mal ve hizmet al\u0131nan ve sat\u0131lan firmalar veya VIAMETRIX ad\u0131na g\u00f6rev yapan ki\u015fi ve kurulu\u015flarla ile yap\u0131lan s\u00f6zle\u015fmelerde Politika \u2018ya ayk\u0131r\u0131 davran\u0131\u015f, tutum ya da faaliyet bulundu\u011funun belirlenmesi durumunda \u00e7al\u0131\u015fmalar\u0131n\/ y\u00fcr\u00fcrl\u00fckteki s\u00f6zle\u015fmelerin VIAMETRIX taraf\u0131ndan hakl\u0131 sebep ile tek tarafl\u0131 olarak sonland\u0131r\u0131laca\u011f\u0131na dair h\u00fck\u00fcmlere yer verilir ve Politika ihlali durumunda da istisna yap\u0131lmaks\u0131z\u0131n bu h\u00fck\u00fcmler uygulan\u0131r.<\/p>\t\t\t\t\t\t\t\t<\/div>\n\t\t\t\t<\/div>\n\t\t\t\t\t<\/div>\n\t\t<\/div>\n\t\t\t\t\t<\/div>\n\t\t<\/section>\n\t\t\t\t<\/div>","protected":false},"excerpt":{"rendered":"<p>&#8220;R\u00fc\u015fvet ve Yolsuzlukla M\u00fccadele Politikas\u0131&#8221; Ama\u00e7 R\u00fc\u015fvet ve Yolsuzlukla M\u00fccadele Politikas\u0131n\u0131n (\u201cPolitika\u201d) amac\u0131 VIAMETRIX Yaz\u0131l\u0131m ve M\u00fchendislik Sanayi Ticaret Limited \u015eirketi\u2019nin (\u201cVIAMETRIX\u201d) \u0130\u015f Eti\u011fi Kurallar\u0131nda da yer alan r\u00fc\u015fvet ve yolsuzluk kar\u015f\u0131t\u0131 politikalar\u0131n\u0131n ortaya konulmas\u0131d\u0131r. Kapsam R\u00fc\u015fvet ve yolsuzlukla m\u00fccadele politikas\u0131; VIAMETRIX Y\u00f6netim Kurulu da dahil olmak \u00fczere t\u00fcm VIAMETRIX \u00e7al\u0131\u015fanlar\u0131n\u0131, Mal ve hizmet ald\u0131\u011f\u0131m\u0131z [&hellip;]<\/p>\n","protected":false},"author":1,"featured_media":0,"parent":0,"menu_order":0,"comment_status":"closed","ping_status":"closed","template":"","meta":{"_mi_skip_tracking":false,"footnotes":""},"class_list":["post-6375","page","type-page","status-publish","hentry"],"aioseo_notices":[],"_links":{"self":[{"href":"https:\/\/viametrix.com\/en\/wp-json\/wp\/v2\/pages\/6375","targetHints":{"allow":["GET"]}}],"collection":[{"href":"https:\/\/viametrix.com\/en\/wp-json\/wp\/v2\/pages"}],"about":[{"href":"https:\/\/viametrix.com\/en\/wp-json\/wp\/v2\/types\/page"}],"author":[{"embeddable":true,"href":"https:\/\/viametrix.com\/en\/wp-json\/wp\/v2\/users\/1"}],"replies":[{"embeddable":true,"href":"https:\/\/viametrix.com\/en\/wp-json\/wp\/v2\/comments?post=6375"}],"version-history":[{"count":0,"href":"https:\/\/viametrix.com\/en\/wp-json\/wp\/v2\/pages\/6375\/revisions"}],"wp:attachment":[{"href":"https:\/\/viametrix.com\/en\/wp-json\/wp\/v2\/media?parent=6375"}],"curies":[{"name":"wp","href":"https:\/\/api.w.org\/{rel}","templated":true}]}}