{"id":6624,"date":"2022-12-22T00:02:21","date_gmt":"2022-12-21T21:02:21","guid":{"rendered":"https:\/\/viametrix.com\/?page_id=6624"},"modified":"2022-12-22T00:02:22","modified_gmt":"2022-12-21T21:02:22","slug":"cerez-politikasi","status":"publish","type":"page","link":"https:\/\/viametrix.com\/en\/cerez-politikasi\/","title":{"rendered":"\u00c7erez Politikas\u0131"},"content":{"rendered":"<p>\u0130nternet sitemizde \u00c7erezler kullan\u0131lmaktad\u0131r. \u00c7erezler, internet sitemizin kullan\u0131m\u0131n\u0131, i\u015flevselli\u011fini, kullan\u0131c\u0131 deneyimini geli\u015ftirmenin yan\u0131 s\u0131ra, analitik, reklam ve sosyal medya \u00f6zellikleri sunmak i\u00e7in kullan\u0131l\u0131r. Taray\u0131c\u0131n\u0131zdan \u00c7erez ayarlar\u0131n\u0131z\u0131 de\u011fi\u015ftirmeden bu siteyi kullanmaya devam etti\u011finiz s\u00fcrece \u00c7erezlerin kullan\u0131m\u0131n\u0131 kabul etmi\u015f say\u0131l\u0131rs\u0131n\u0131z. KVKK gizlilik politikas\u0131 ve ayd\u0131nlatma metnine ise &#8220;Detay Bilgi&#8221; linkinden ula\u015fabilirsiniz.<\/p>\n\n\n\n<p>Size daha iyi hizmet sunabilmek i\u00e7in sitemizde \u00e7erezlerden faydalan\u0131yor, ki\u015fisel verilerinizi mevzuata uygun olarak toplay\u0131p i\u015fliyoruz. \u0130nternet sitemizi kullanmaya devam ederek \u00e7erezleri ve di\u011fer ki\u015fisel verilerinizi kullanmam\u0131za izin vermi\u015f oluyorsunuz. \u00c7erezler ve ki\u015fisel verilerinizin i\u015flenmesi hakk\u0131nda daha ayr\u0131nt\u0131l\u0131 bilgiye Gizlilik &amp; Ki\u015fisel Veri Politikas\u0131&#8217;dan ula\u015fabilirsiniz.<\/p>","protected":false},"excerpt":{"rendered":"<p>\u0130nternet sitemizde \u00c7erezler kullan\u0131lmaktad\u0131r. \u00c7erezler, internet sitemizin kullan\u0131m\u0131n\u0131, i\u015flevselli\u011fini, kullan\u0131c\u0131 deneyimini geli\u015ftirmenin yan\u0131 s\u0131ra, analitik, reklam ve sosyal medya \u00f6zellikleri sunmak i\u00e7in kullan\u0131l\u0131r. Taray\u0131c\u0131n\u0131zdan \u00c7erez ayarlar\u0131n\u0131z\u0131 de\u011fi\u015ftirmeden bu siteyi kullanmaya devam etti\u011finiz s\u00fcrece \u00c7erezlerin kullan\u0131m\u0131n\u0131 kabul etmi\u015f say\u0131l\u0131rs\u0131n\u0131z. KVKK gizlilik politikas\u0131 ve ayd\u0131nlatma metnine ise &#8220;Detay Bilgi&#8221; linkinden ula\u015fabilirsiniz. Size daha iyi hizmet sunabilmek i\u00e7in [&hellip;]<\/p>\n","protected":false},"author":1,"featured_media":0,"parent":0,"menu_order":0,"comment_status":"closed","ping_status":"closed","template":"","meta":{"_mi_skip_tracking":false,"footnotes":""},"class_list":["post-6624","page","type-page","status-publish","hentry"],"aioseo_notices":[],"_links":{"self":[{"href":"https:\/\/viametrix.com\/en\/wp-json\/wp\/v2\/pages\/6624","targetHints":{"allow":["GET"]}}],"collection":[{"href":"https:\/\/viametrix.com\/en\/wp-json\/wp\/v2\/pages"}],"about":[{"href":"https:\/\/viametrix.com\/en\/wp-json\/wp\/v2\/types\/page"}],"author":[{"embeddable":true,"href":"https:\/\/viametrix.com\/en\/wp-json\/wp\/v2\/users\/1"}],"replies":[{"embeddable":true,"href":"https:\/\/viametrix.com\/en\/wp-json\/wp\/v2\/comments?post=6624"}],"version-history":[{"count":0,"href":"https:\/\/viametrix.com\/en\/wp-json\/wp\/v2\/pages\/6624\/revisions"}],"wp:attachment":[{"href":"https:\/\/viametrix.com\/en\/wp-json\/wp\/v2\/media?parent=6624"}],"curies":[{"name":"wp","href":"https:\/\/api.w.org\/{rel}","templated":true}]}}