{"id":6767,"date":"2023-01-07T22:00:56","date_gmt":"2023-01-07T19:00:56","guid":{"rendered":"https:\/\/viametrix.com\/?page_id=6767"},"modified":"2023-01-19T11:21:21","modified_gmt":"2023-01-19T08:21:21","slug":"workstation","status":"publish","type":"page","link":"https:\/\/viametrix.com\/en\/workstation\/","title":{"rendered":"\u0130\u015f \u0130stasyonlar\u0131"},"content":{"rendered":"<div data-elementor-type=\"wp-page\" data-elementor-id=\"6767\" class=\"elementor elementor-6767\">\n\t\t\t\t\t\t<section class=\"elementor-section elementor-top-section elementor-element elementor-element-62f1367 ot-traditional elementor-section-boxed elementor-section-height-default elementor-section-height-default\" data-id=\"62f1367\" data-element_type=\"section\" data-e-type=\"section\">\n\t\t\t\t\t\t<div class=\"elementor-container elementor-column-gap-default\">\n\t\t\t\t\t<div class=\"elementor-column elementor-col-100 elementor-top-column elementor-element elementor-element-199fd1c ot-flex-column-vertical\" data-id=\"199fd1c\" data-element_type=\"column\" data-e-type=\"column\">\n\t\t\t<div class=\"elementor-widget-wrap elementor-element-populated\">\n\t\t\t\t\t\t<div class=\"elementor-element elementor-element-adc8b6b elementor-widget elementor-widget-heading\" data-id=\"adc8b6b\" data-element_type=\"widget\" data-e-type=\"widget\" data-widget_type=\"heading.default\">\n\t\t\t\t<div class=\"elementor-widget-container\">\n\t\t\t\t\t<h2 class=\"elementor-heading-title elementor-size-default\">CAD\/CAM\/CAE Uygulamalar\u0131 \u0130\u00e7in Y\u00fcksek Performansl\u0131 \u0130\u015f \u0130stasyonlar\u0131<\/h2>\t\t\t\t<\/div>\n\t\t\t\t<\/div>\n\t\t\t\t<section class=\"elementor-section elementor-inner-section elementor-element elementor-element-232e3d9 ot-traditional elementor-section-boxed elementor-section-height-default elementor-section-height-default\" data-id=\"232e3d9\" data-element_type=\"section\" data-e-type=\"section\">\n\t\t\t\t\t\t<div class=\"elementor-container elementor-column-gap-default\">\n\t\t\t\t\t<div class=\"elementor-column elementor-col-50 elementor-inner-column elementor-element elementor-element-cece14e ot-flex-column-vertical\" data-id=\"cece14e\" data-element_type=\"column\" data-e-type=\"column\">\n\t\t\t<div class=\"elementor-widget-wrap elementor-element-populated\">\n\t\t\t\t\t\t<div class=\"elementor-element elementor-element-3a2b821 elementor-widget elementor-widget-text-editor\" data-id=\"3a2b821\" data-element_type=\"widget\" data-e-type=\"widget\" data-widget_type=\"text-editor.default\">\n\t\t\t\t<div class=\"elementor-widget-container\">\n\t\t\t\t\t\t\t\t\t<p><br>\u0130\u015f \u0130stasyonlar\u0131 uzmanl\u0131k ve yo\u011fun g\u00fc\u00e7 gerektiren i\u015f ak\u0131\u015flar\u0131 i\u00e7in tasarlanm\u0131\u015ft\u0131r, bu sayede en zorlu i\u015flerinizi en k\u0131sa s\u00fcrede tamamlayabilirsiniz. Hi\u00e7bir \u015feyden \u00f6d\u00fcn vermeden tam h\u0131z \u00e7al\u0131\u015f\u0131r.<\/p>\n<p>\u0130\u015f istasyonlar\u0131, tek ve \u00e7ift i\u015flemcili sistemlerde en son Intel\u00ae Xeon\u00ae i\u015flemcileri ve NVIDIA\u00ae Quadro\u00ae profesyonel grafik donan\u0131m\u0131 ile g\u00fc\u00e7l\u00fc performans sunar. Sekt\u00f6rel ba\u011f\u0131ms\u0131z yaz\u0131l\u0131m sat\u0131c\u0131lar\u0131 taraf\u0131ndan onayl\u0131, y\u00fcksek enerji verimlili\u011fine sahip ve fazlas\u0131yla \u00e7ok y\u00f6nl\u00fc olan \u00fcr\u00fcnler bekledi\u011finiz \u00fcst\u00fcn g\u00fcvenilirli\u011fi sunar.<\/p>\n<p>\u0130ster karma\u015f\u0131k modeller, ister b\u00fcy\u00fck montajlar yaratmak, ister fotoger\u00e7ek\u00e7i g\u00f6r\u00fcnt\u00fcleri i\u015flemek ya da jeofiziksel ve sismik yorumlamalar\u0131 analiz etmek zorunda olun, Sundu\u011fumuz \u0130\u015f \u0130stasyonlar\u0131 \u00fcr\u00fcnlerimiz i\u015fi yapmak i\u00e7in rakipsiz bir i\u015flem g\u00fcc\u00fcne sahiptir.\u00a0<\/p>\t\t\t\t\t\t\t\t<\/div>\n\t\t\t\t<\/div>\n\t\t\t\t\t<\/div>\n\t\t<\/div>\n\t\t\t\t<div class=\"elementor-column elementor-col-50 elementor-inner-column elementor-element elementor-element-937246d ot-flex-column-vertical\" data-id=\"937246d\" data-element_type=\"column\" data-e-type=\"column\">\n\t\t\t<div class=\"elementor-widget-wrap elementor-element-populated\">\n\t\t\t\t\t\t<div class=\"elementor-element elementor-element-a24765b elementor-widget elementor-widget-image\" data-id=\"a24765b\" data-element_type=\"widget\" data-e-type=\"widget\" data-widget_type=\"image.default\">\n\t\t\t\t<div class=\"elementor-widget-container\">\n\t\t\t\t\t\t\t\t\t\t\t\t\t\t\t<img fetchpriority=\"high\" decoding=\"async\" width=\"1024\" height=\"576\" src=\"https:\/\/viametrix.com\/wp-content\/uploads\/2023\/01\/ws-desktop-1024x576.jpg\" class=\"attachment-large size-large wp-image-6802\" alt=\"\" srcset=\"https:\/\/viametrix.com\/wp-content\/uploads\/2023\/01\/ws-desktop-1024x576.jpg 1024w, https:\/\/viametrix.com\/wp-content\/uploads\/2023\/01\/ws-desktop-300x169.jpg 300w, https:\/\/viametrix.com\/wp-content\/uploads\/2023\/01\/ws-desktop-768x432.jpg 768w, https:\/\/viametrix.com\/wp-content\/uploads\/2023\/01\/ws-desktop-720x405.jpg 720w, https:\/\/viametrix.com\/wp-content\/uploads\/2023\/01\/ws-desktop.jpg 1060w\" sizes=\"(max-width: 1024px) 100vw, 1024px\" \/>\t\t\t\t\t\t\t\t\t\t\t\t\t\t\t<\/div>\n\t\t\t\t<\/div>\n\t\t\t\t\t<\/div>\n\t\t<\/div>\n\t\t\t\t\t<\/div>\n\t\t<\/section>\n\t\t\t\t<section class=\"elementor-section elementor-inner-section elementor-element elementor-element-0b0f222 ot-traditional elementor-section-boxed elementor-section-height-default elementor-section-height-default\" data-id=\"0b0f222\" data-element_type=\"section\" data-e-type=\"section\">\n\t\t\t\t\t\t<div class=\"elementor-container elementor-column-gap-default\">\n\t\t\t\t\t<div class=\"elementor-column elementor-col-50 elementor-inner-column elementor-element elementor-element-9422f11 ot-flex-column-vertical\" data-id=\"9422f11\" data-element_type=\"column\" data-e-type=\"column\">\n\t\t\t<div class=\"elementor-widget-wrap elementor-element-populated\">\n\t\t\t\t\t\t<div class=\"elementor-element elementor-element-84e0798 elementor-widget elementor-widget-image\" data-id=\"84e0798\" data-element_type=\"widget\" data-e-type=\"widget\" data-widget_type=\"image.default\">\n\t\t\t\t<div class=\"elementor-widget-container\">\n\t\t\t\t\t\t\t\t\t\t\t\t\t\t\t<img decoding=\"async\" width=\"500\" height=\"500\" src=\"https:\/\/viametrix.com\/wp-content\/uploads\/2023\/01\/hp-z.jpg\" class=\"attachment-large size-large wp-image-6807\" alt=\"\" srcset=\"https:\/\/viametrix.com\/wp-content\/uploads\/2023\/01\/hp-z.jpg 500w, https:\/\/viametrix.com\/wp-content\/uploads\/2023\/01\/hp-z-300x300.jpg 300w, https:\/\/viametrix.com\/wp-content\/uploads\/2023\/01\/hp-z-150x150.jpg 150w\" sizes=\"(max-width: 500px) 100vw, 500px\" \/>\t\t\t\t\t\t\t\t\t\t\t\t\t\t\t<\/div>\n\t\t\t\t<\/div>\n\t\t\t\t\t<\/div>\n\t\t<\/div>\n\t\t\t\t<div class=\"elementor-column elementor-col-50 elementor-inner-column elementor-element elementor-element-18af41a ot-flex-column-vertical\" data-id=\"18af41a\" data-element_type=\"column\" data-e-type=\"column\">\n\t\t\t<div class=\"elementor-widget-wrap elementor-element-populated\">\n\t\t\t\t\t\t<div class=\"elementor-element elementor-element-5e422f8 elementor-widget elementor-widget-text-editor\" data-id=\"5e422f8\" data-element_type=\"widget\" data-e-type=\"widget\" data-widget_type=\"text-editor.default\">\n\t\t\t\t<div class=\"elementor-widget-container\">\n\t\t\t\t\t\t\t\t\t<p><strong style=\"color: var( --e-global-color-text );\">\u0130\u015f \u0130stasyonu (Workstation)<\/strong><strong>\u00a0Nedir?<\/strong><\/p><p>Profesyonel i\u015f yerleri i\u00e7in tasarlanm\u0131\u015f ve en son \u00f6zelliklere sahip mobil veya masa\u00fcst\u00fc bilgisayarlara verilen isimdir. \u0130\u015f istasyonlar\u0131, s\u0131radan bilgisayarlardan farkl\u0131 olarak daha karma\u015f\u0131k ve daha profesyonel \u00e7al\u0131\u015fmalar i\u00e7in kullan\u0131l\u0131r. B\u00fcy\u00fck veriler, karma\u015f\u0131k veri i\u015flemleri, 3O modelleme yapan \u00e7al\u0131\u015fanlar\u0131n kullanmas\u0131 i\u00e7in tasarlanm\u0131\u015ft\u0131r.<\/p><p>Uzun s\u00fcren sertifikasyon a\u015famalar\u0131ndan ge\u00e7erek haz\u0131rlanan Workstation\u2019lar uzun s\u00fcre problemsiz bir \u015fekilde \u00e7al\u0131\u015fma olana\u011f\u0131 sa\u011flar. Y\u00fcksek veri hacmi ya da karma\u015f\u0131k programlar \u00fczerinde sorunsuz bir bi\u00e7imde \u00e7al\u0131\u015fmam\u0131za yard\u0131mc\u0131 olur.<\/p><p>Workstation\u2019lar\u0131 di\u011fer bilgisayarlardan ay\u0131ran \u00f6zellikler \u015funlard\u0131r:<\/p><p>Masa\u00fcst\u00fc i\u015f istasyonlar\u0131nda Intel Xeon i\u015flemci kullan\u0131l\u0131r. Her birinde 8 \u00e7ekirdek bulunan bu i\u015flemcilerden iki tane tak\u0131labilen i\u015f istasyonlar\u0131 ise \u00e7ok daha y\u00fcksek performans sa\u011flar. \u0130\u015f istasyonlar\u0131na birden fazla ekran ba\u011flanabilir. \u00d6zellikle \u00e7oklu ekranda \u00e7al\u0131\u015fmak zorunda kald\u0131\u011f\u0131n\u0131z i\u015fler yap\u0131yorsan\u0131z bu sistem i\u015finizi olduk\u00e7a kolayla\u015ft\u0131racakt\u0131r<\/p><p>\u0130\u015f istasyonlar\u0131nda, m\u00fchendislik, tasar\u0131m, animasyon gibi yo\u011fun grafik ve hesaplama i\u015flemlerinin yap\u0131labilmesine olanak sa\u011flayan ekran kartlar\u0131 kullan\u0131l\u0131r. Ayr\u0131ca di\u011fer PC sistemlerinden farkl\u0131 olarak <b>ECC<\/b> bellekler kullan\u0131l\u0131r. Bu bellekler sayesinde sistemde kilitlenme ya da sistem \u00e7\u00f6kmesi gibi sorunlar ya\u015fanmaz.<\/p>\t\t\t\t\t\t\t\t<\/div>\n\t\t\t\t<\/div>\n\t\t\t\t\t<\/div>\n\t\t<\/div>\n\t\t\t\t\t<\/div>\n\t\t<\/section>\n\t\t\t\t<section class=\"elementor-section elementor-inner-section elementor-element elementor-element-672df20 ot-traditional elementor-section-boxed elementor-section-height-default elementor-section-height-default\" data-id=\"672df20\" data-element_type=\"section\" data-e-type=\"section\">\n\t\t\t\t\t\t<div class=\"elementor-container elementor-column-gap-default\">\n\t\t\t\t\t<div class=\"elementor-column elementor-col-50 elementor-inner-column elementor-element elementor-element-08d8f08 ot-flex-column-vertical\" data-id=\"08d8f08\" data-element_type=\"column\" data-e-type=\"column\">\n\t\t\t<div class=\"elementor-widget-wrap elementor-element-populated\">\n\t\t\t\t\t\t<div class=\"elementor-element elementor-element-68e3e0d elementor-widget elementor-widget-text-editor\" data-id=\"68e3e0d\" data-element_type=\"widget\" data-e-type=\"widget\" data-widget_type=\"text-editor.default\">\n\t\t\t\t<div class=\"elementor-widget-container\">\n\t\t\t\t\t\t\t\t\t<p><b>EEC RAM Nedir? Ne \u0130\u015fe Yarar?<\/b><\/p><p>EEC RAM (Error Correction Code) hata d\u00fczelten ram anlam\u0131n\u0131 ta\u015f\u0131maktad\u0131r. \u0130\u015f istasyonlar\u0131nda tercih edilen bu RAM ile veri aktar\u0131m\u0131 olduk\u00e7a h\u0131zl\u0131 bir \u015fekilde ve hatas\u0131z olarak sa\u011flan\u0131r. Veri aktar\u0131m\u0131 s\u0131ras\u0131nda hata olu\u015fmu\u015f olsa dahi EEC RAM bu hatay\u0131 d\u00fczelterek i\u015f istasyonlar\u0131n\u0131n kilitlenmesini engeller. \u00d6zellikle y\u00fcksek verilerin aktar\u0131m\u0131 s\u0131ras\u0131nda yo\u011fun \u00e7al\u0131\u015fma nedeniyle disklerde hata olu\u015fabiliyor. EEC RAM, sorunu d\u00fczelterek aktar\u0131m\u0131n\u0131 sorunsuz bir \u015fekilde s\u00fcrmesine olanak sa\u011fl\u0131yor,<\/p>\t\t\t\t\t\t\t\t<\/div>\n\t\t\t\t<\/div>\n\t\t\t\t\t<\/div>\n\t\t<\/div>\n\t\t\t\t<div class=\"elementor-column elementor-col-50 elementor-inner-column elementor-element elementor-element-3ee6441 ot-flex-column-vertical\" data-id=\"3ee6441\" data-element_type=\"column\" data-e-type=\"column\">\n\t\t\t<div class=\"elementor-widget-wrap elementor-element-populated\">\n\t\t\t\t\t\t<div class=\"elementor-element elementor-element-3e8ed4a elementor-widget elementor-widget-image\" data-id=\"3e8ed4a\" data-element_type=\"widget\" data-e-type=\"widget\" data-widget_type=\"image.default\">\n\t\t\t\t<div class=\"elementor-widget-container\">\n\t\t\t\t\t\t\t\t\t\t\t\t\t\t\t<img decoding=\"async\" width=\"856\" height=\"472\" src=\"https:\/\/viametrix.com\/wp-content\/uploads\/2023\/01\/ECC.jpg\" class=\"attachment-large size-large wp-image-6808\" alt=\"\" srcset=\"https:\/\/viametrix.com\/wp-content\/uploads\/2023\/01\/ECC.jpg 856w, https:\/\/viametrix.com\/wp-content\/uploads\/2023\/01\/ECC-300x165.jpg 300w, https:\/\/viametrix.com\/wp-content\/uploads\/2023\/01\/ECC-768x423.jpg 768w, https:\/\/viametrix.com\/wp-content\/uploads\/2023\/01\/ECC-720x397.jpg 720w\" sizes=\"(max-width: 856px) 100vw, 856px\" \/>\t\t\t\t\t\t\t\t\t\t\t\t\t\t\t<\/div>\n\t\t\t\t<\/div>\n\t\t\t\t\t<\/div>\n\t\t<\/div>\n\t\t\t\t\t<\/div>\n\t\t<\/section>\n\t\t\t\t<section class=\"elementor-section elementor-inner-section elementor-element elementor-element-4fea013 ot-traditional elementor-section-boxed elementor-section-height-default elementor-section-height-default\" data-id=\"4fea013\" data-element_type=\"section\" data-e-type=\"section\">\n\t\t\t\t\t\t<div class=\"elementor-container elementor-column-gap-default\">\n\t\t\t\t\t<div class=\"elementor-column elementor-col-50 elementor-inner-column elementor-element elementor-element-35aba36 ot-flex-column-vertical\" data-id=\"35aba36\" data-element_type=\"column\" data-e-type=\"column\">\n\t\t\t<div class=\"elementor-widget-wrap elementor-element-populated\">\n\t\t\t\t\t\t<div class=\"elementor-element elementor-element-2dcd823 elementor-widget elementor-widget-image\" data-id=\"2dcd823\" data-element_type=\"widget\" data-e-type=\"widget\" data-widget_type=\"image.default\">\n\t\t\t\t<div class=\"elementor-widget-container\">\n\t\t\t\t\t\t\t\t\t\t\t\t\t\t\t<img loading=\"lazy\" decoding=\"async\" width=\"875\" height=\"744\" src=\"https:\/\/viametrix.com\/wp-content\/uploads\/2023\/01\/zbook-fury.webp\" class=\"attachment-large size-large wp-image-6812\" alt=\"\" srcset=\"https:\/\/viametrix.com\/wp-content\/uploads\/2023\/01\/zbook-fury.webp 875w, https:\/\/viametrix.com\/wp-content\/uploads\/2023\/01\/zbook-fury-300x255.webp 300w, https:\/\/viametrix.com\/wp-content\/uploads\/2023\/01\/zbook-fury-768x653.webp 768w, https:\/\/viametrix.com\/wp-content\/uploads\/2023\/01\/zbook-fury-720x612.webp 720w\" sizes=\"(max-width: 875px) 100vw, 875px\" \/>\t\t\t\t\t\t\t\t\t\t\t\t\t\t\t<\/div>\n\t\t\t\t<\/div>\n\t\t\t\t\t<\/div>\n\t\t<\/div>\n\t\t\t\t<div class=\"elementor-column elementor-col-50 elementor-inner-column elementor-element elementor-element-45b9dc0 ot-flex-column-vertical\" data-id=\"45b9dc0\" data-element_type=\"column\" data-e-type=\"column\">\n\t\t\t<div class=\"elementor-widget-wrap elementor-element-populated\">\n\t\t\t\t\t\t<div class=\"elementor-element elementor-element-769f981 elementor-widget elementor-widget-text-editor\" data-id=\"769f981\" data-element_type=\"widget\" data-e-type=\"widget\" data-widget_type=\"text-editor.default\">\n\t\t\t\t<div class=\"elementor-widget-container\">\n\t\t\t\t\t\t\t\t\t<p><strong>Mobil \u0130\u015f \u0130stasyonu (Workstation) Nedir?<\/strong><\/p><p>Mobil i\u015f istasyonu, ta\u015f\u0131nabilir ya da diz\u00fcst\u00fc i\u015f istasyonlar\u0131na verilen add\u0131r. G\u00fcn\u00fcm\u00fczde masa\u00fcst\u00fc i\u015f istasyonlar\u0131n\u0131n yerini \u00e7o\u011funlukla mobil i\u015f istasyonlar\u0131 alm\u0131\u015ft\u0131r. Genellikle m\u00fchendisler, mimarlar ve tasar\u0131mc\u0131lar taraf\u0131ndan tercih edilen mobil i\u015f istasyonlar\u0131, data aktar\u0131m\u0131n\u0131 h\u0131zl\u0131 ve etkin bir \u015fekilde ger\u00e7ekle\u015ftirmektedir.<\/p>\t\t\t\t\t\t\t\t<\/div>\n\t\t\t\t<\/div>\n\t\t\t\t\t<\/div>\n\t\t<\/div>\n\t\t\t\t\t<\/div>\n\t\t<\/section>\n\t\t\t\t\t<\/div>\n\t\t<\/div>\n\t\t\t\t\t<\/div>\n\t\t<\/section>\n\t\t\t\t<\/div>","protected":false},"excerpt":{"rendered":"<p>CAD\/CAM\/CAE Uygulamalar\u0131 \u0130\u00e7in Y\u00fcksek Performansl\u0131 \u0130\u015f \u0130stasyonlar\u0131 \u0130\u015f \u0130stasyonlar\u0131 uzmanl\u0131k ve yo\u011fun g\u00fc\u00e7 gerektiren i\u015f ak\u0131\u015flar\u0131 i\u00e7in tasarlanm\u0131\u015ft\u0131r, bu sayede en zorlu i\u015flerinizi en k\u0131sa s\u00fcrede tamamlayabilirsiniz. Hi\u00e7bir \u015feyden \u00f6d\u00fcn vermeden tam h\u0131z \u00e7al\u0131\u015f\u0131r. \u0130\u015f istasyonlar\u0131, tek ve \u00e7ift i\u015flemcili sistemlerde en son Intel\u00ae Xeon\u00ae i\u015flemcileri ve NVIDIA\u00ae Quadro\u00ae profesyonel grafik donan\u0131m\u0131 ile g\u00fc\u00e7l\u00fc performans [&hellip;]<\/p>\n","protected":false},"author":1,"featured_media":0,"parent":0,"menu_order":0,"comment_status":"closed","ping_status":"closed","template":"","meta":{"_mi_skip_tracking":false,"footnotes":""},"class_list":["post-6767","page","type-page","status-publish","hentry"],"aioseo_notices":[],"_links":{"self":[{"href":"https:\/\/viametrix.com\/en\/wp-json\/wp\/v2\/pages\/6767","targetHints":{"allow":["GET"]}}],"collection":[{"href":"https:\/\/viametrix.com\/en\/wp-json\/wp\/v2\/pages"}],"about":[{"href":"https:\/\/viametrix.com\/en\/wp-json\/wp\/v2\/types\/page"}],"author":[{"embeddable":true,"href":"https:\/\/viametrix.com\/en\/wp-json\/wp\/v2\/users\/1"}],"replies":[{"embeddable":true,"href":"https:\/\/viametrix.com\/en\/wp-json\/wp\/v2\/comments?post=6767"}],"version-history":[{"count":0,"href":"https:\/\/viametrix.com\/en\/wp-json\/wp\/v2\/pages\/6767\/revisions"}],"wp:attachment":[{"href":"https:\/\/viametrix.com\/en\/wp-json\/wp\/v2\/media?parent=6767"}],"curies":[{"name":"wp","href":"https:\/\/api.w.org\/{rel}","templated":true}]}}