{"id":7288,"date":"2026-04-07T18:37:26","date_gmt":"2026-04-07T15:37:26","guid":{"rendered":"https:\/\/viametrix.com\/?page_id=7288"},"modified":"2026-04-07T19:56:08","modified_gmt":"2026-04-07T16:56:08","slug":"creo-cnc-cost-estimator","status":"publish","type":"page","link":"https:\/\/viametrix.com\/en\/creo-cnc-cost-estimator\/","title":{"rendered":"CNC Cost Estimator"},"content":{"rendered":"<div data-elementor-type=\"wp-page\" data-elementor-id=\"7288\" class=\"elementor elementor-7288\">\n\t\t\t\t\t\t<section class=\"elementor-section elementor-top-section elementor-element elementor-element-62f1367 ot-traditional elementor-section-boxed elementor-section-height-default elementor-section-height-default\" data-id=\"62f1367\" data-element_type=\"section\" data-e-type=\"section\">\n\t\t\t\t\t\t<div class=\"elementor-container elementor-column-gap-default\">\n\t\t\t\t\t<div class=\"elementor-column elementor-col-100 elementor-top-column elementor-element elementor-element-199fd1c ot-flex-column-vertical\" data-id=\"199fd1c\" data-element_type=\"column\" data-e-type=\"column\">\n\t\t\t<div class=\"elementor-widget-wrap elementor-element-populated\">\n\t\t\t\t\t\t<div class=\"elementor-element elementor-element-adc8b6b elementor-widget elementor-widget-heading\" data-id=\"adc8b6b\" data-element_type=\"widget\" data-e-type=\"widget\" data-widget_type=\"heading.default\">\n\t\t\t\t<div class=\"elementor-widget-container\">\n\t\t\t\t\t<h2 class=\"elementor-heading-title elementor-size-default\">VIAMETRIX CNC Cost Estimator<\/h2>\t\t\t\t<\/div>\n\t\t\t\t<\/div>\n\t\t\t\t<div class=\"elementor-element elementor-element-db81fa6 elementor-widget elementor-widget-text-editor\" data-id=\"db81fa6\" data-element_type=\"widget\" data-e-type=\"widget\" data-widget_type=\"text-editor.default\">\n\t\t\t\t<div class=\"elementor-widget-container\">\n\t\t\t\t\t\t\t\t\t<p data-path-to-node=\"4\">Generate Perfect Manufacturing Costing and Quotes in Seconds.<\/p>\n<p data-path-to-node=\"5\">Stop wasting hours preparing machining quotes and counting holes and pockets one by one. Upload your 3D CAD models with Viametrix; let automatic feature recognition calculate the cost, so you can focus solely on production.<\/p>\t\t\t\t\t\t\t\t<\/div>\n\t\t\t\t<\/div>\n\t\t\t\t<section class=\"elementor-section elementor-inner-section elementor-element elementor-element-c6c21b0 ot-traditional elementor-section-boxed elementor-section-height-default elementor-section-height-default\" data-id=\"c6c21b0\" data-element_type=\"section\" data-e-type=\"section\">\n\t\t\t\t\t\t<div class=\"elementor-container elementor-column-gap-default\">\n\t\t\t\t\t<div class=\"elementor-column elementor-col-50 elementor-inner-column elementor-element elementor-element-805e42b ot-flex-column-vertical\" data-id=\"805e42b\" data-element_type=\"column\" data-e-type=\"column\">\n\t\t\t<div class=\"elementor-widget-wrap elementor-element-populated\">\n\t\t\t\t\t\t<div class=\"elementor-element elementor-element-38e3553 elementor-widget elementor-widget-text-editor\" data-id=\"38e3553\" data-element_type=\"widget\" data-e-type=\"widget\" data-widget_type=\"text-editor.default\">\n\t\t\t\t<div class=\"elementor-widget-container\">\n\t\t\t\t\t\t\t\t\t<h5 data-path-to-node=\"8\"><strong>Revolutionize the Quoting Process<\/strong><\/h5>\t\t\t\t\t\t\t\t<\/div>\n\t\t\t\t<\/div>\n\t\t\t\t<div class=\"elementor-element elementor-element-5a598b3 elementor-widget elementor-widget-text-editor\" data-id=\"5a598b3\" data-element_type=\"widget\" data-e-type=\"widget\" data-widget_type=\"text-editor.default\">\n\t\t\t\t<div class=\"elementor-widget-container\">\n\t\t\t\t\t\t\t\t\t<p data-path-to-node=\"9\">Geleneksel y\u00f6ntemlerle bir CNC par\u00e7as\u0131n\u0131n fiyat\u0131n\u0131 hesaplamak; teknik resim okumay\u0131, manuel form\u00fcller kurmay\u0131 ve y\u00fcksek hata pay\u0131n\u0131 beraberinde getirir. Viametrix, geli\u015fmi\u015f geometri motoru sayesinde insan hatas\u0131n\u0131 s\u0131f\u0131ra indirir. Gelen taleplere rakiplerinizden <b data-path-to-node=\"9\" data-index-in-node=\"262\">Calculating the price of a CNC part using traditional methods requires reading technical drawings, building manual formulas, and comes with a high risk of errors. With its advanced geometry engine, Viametrix reduces human error to near zero. Respond to incoming requests 10 times faster than your competitors with 100% consistency.<\/b> teklifler vererek ihaleleri kazanma oran\u0131n\u0131z\u0131 art\u0131r\u0131n.<\/p>\t\t\t\t\t\t\t\t<\/div>\n\t\t\t\t<\/div>\n\t\t\t\t\t<\/div>\n\t\t<\/div>\n\t\t\t\t<div class=\"elementor-column elementor-col-50 elementor-inner-column elementor-element elementor-element-3e48679 ot-flex-column-vertical\" data-id=\"3e48679\" data-element_type=\"column\" data-e-type=\"column\">\n\t\t\t<div class=\"elementor-widget-wrap elementor-element-populated\">\n\t\t\t\t\t\t<div class=\"elementor-element elementor-element-83e70e9 elementor-widget elementor-widget-image\" data-id=\"83e70e9\" data-element_type=\"widget\" data-e-type=\"widget\" data-widget_type=\"image.default\">\n\t\t\t\t<div class=\"elementor-widget-container\">\n\t\t\t\t\t\t\t\t\t\t\t\t\t\t\t<img fetchpriority=\"high\" decoding=\"async\" width=\"1024\" height=\"666\" src=\"https:\/\/viametrix.com\/wp-content\/uploads\/2026\/04\/cost2-1024x666.png\" class=\"attachment-large size-large wp-image-7305\" alt=\"\" srcset=\"https:\/\/viametrix.com\/wp-content\/uploads\/2026\/04\/cost2-1024x666.png 1024w, https:\/\/viametrix.com\/wp-content\/uploads\/2026\/04\/cost2-300x195.png 300w, https:\/\/viametrix.com\/wp-content\/uploads\/2026\/04\/cost2-768x500.png 768w, https:\/\/viametrix.com\/wp-content\/uploads\/2026\/04\/cost2-1536x1000.png 1536w, https:\/\/viametrix.com\/wp-content\/uploads\/2026\/04\/cost2-18x12.png 18w, https:\/\/viametrix.com\/wp-content\/uploads\/2026\/04\/cost2-720x469.png 720w, https:\/\/viametrix.com\/wp-content\/uploads\/2026\/04\/cost2.png 1707w\" sizes=\"(max-width: 1024px) 100vw, 1024px\" \/>\t\t\t\t\t\t\t\t\t\t\t\t\t\t\t<\/div>\n\t\t\t\t<\/div>\n\t\t\t\t\t<\/div>\n\t\t<\/div>\n\t\t\t\t\t<\/div>\n\t\t<\/section>\n\t\t\t\t<section class=\"elementor-section elementor-inner-section elementor-element elementor-element-6a2fdb5 ot-traditional elementor-section-boxed elementor-section-height-default elementor-section-height-default\" data-id=\"6a2fdb5\" data-element_type=\"section\" data-e-type=\"section\">\n\t\t\t\t\t\t<div class=\"elementor-container elementor-column-gap-default\">\n\t\t\t\t\t<div class=\"elementor-column elementor-col-50 elementor-inner-column elementor-element elementor-element-f00e4d8 ot-flex-column-vertical\" data-id=\"f00e4d8\" data-element_type=\"column\" data-e-type=\"column\">\n\t\t\t<div class=\"elementor-widget-wrap elementor-element-populated\">\n\t\t\t\t\t\t<div class=\"elementor-element elementor-element-1bf29d3 elementor-widget elementor-widget-image\" data-id=\"1bf29d3\" data-element_type=\"widget\" data-e-type=\"widget\" data-widget_type=\"image.default\">\n\t\t\t\t<div class=\"elementor-widget-container\">\n\t\t\t\t\t\t\t\t\t\t\t\t\t\t\t<img decoding=\"async\" width=\"1024\" height=\"865\" src=\"https:\/\/viametrix.com\/wp-content\/uploads\/2026\/04\/cost1-1024x865.png\" class=\"attachment-large size-large wp-image-7304\" alt=\"\" srcset=\"https:\/\/viametrix.com\/wp-content\/uploads\/2026\/04\/cost1-1024x865.png 1024w, https:\/\/viametrix.com\/wp-content\/uploads\/2026\/04\/cost1-300x253.png 300w, https:\/\/viametrix.com\/wp-content\/uploads\/2026\/04\/cost1-768x649.png 768w, https:\/\/viametrix.com\/wp-content\/uploads\/2026\/04\/cost1-14x12.png 14w, https:\/\/viametrix.com\/wp-content\/uploads\/2026\/04\/cost1-720x608.png 720w, https:\/\/viametrix.com\/wp-content\/uploads\/2026\/04\/cost1.png 1286w\" sizes=\"(max-width: 1024px) 100vw, 1024px\" \/>\t\t\t\t\t\t\t\t\t\t\t\t\t\t\t<\/div>\n\t\t\t\t<\/div>\n\t\t\t\t\t<\/div>\n\t\t<\/div>\n\t\t\t\t<div class=\"elementor-column elementor-col-50 elementor-inner-column elementor-element elementor-element-906b28d ot-flex-column-vertical\" data-id=\"906b28d\" data-element_type=\"column\" data-e-type=\"column\">\n\t\t\t<div class=\"elementor-widget-wrap elementor-element-populated\">\n\t\t\t\t\t\t<div class=\"elementor-element elementor-element-55dd241 elementor-widget elementor-widget-image\" data-id=\"55dd241\" data-element_type=\"widget\" data-e-type=\"widget\" data-widget_type=\"image.default\">\n\t\t\t\t<div class=\"elementor-widget-container\">\n\t\t\t\t\t\t\t\t\t\t\t\t\t\t\t<img decoding=\"async\" width=\"1024\" height=\"768\" src=\"https:\/\/viametrix.com\/wp-content\/uploads\/2026\/04\/cost-parametric-1024x768.png\" class=\"attachment-large size-large wp-image-7311\" alt=\"\" srcset=\"https:\/\/viametrix.com\/wp-content\/uploads\/2026\/04\/cost-parametric-1024x768.png 1024w, https:\/\/viametrix.com\/wp-content\/uploads\/2026\/04\/cost-parametric-300x225.png 300w, https:\/\/viametrix.com\/wp-content\/uploads\/2026\/04\/cost-parametric-768x576.png 768w, https:\/\/viametrix.com\/wp-content\/uploads\/2026\/04\/cost-parametric-1536x1152.png 1536w, https:\/\/viametrix.com\/wp-content\/uploads\/2026\/04\/cost-parametric-16x12.png 16w, https:\/\/viametrix.com\/wp-content\/uploads\/2026\/04\/cost-parametric-720x540.png 720w, https:\/\/viametrix.com\/wp-content\/uploads\/2026\/04\/cost-parametric.png 1855w\" sizes=\"(max-width: 1024px) 100vw, 1024px\" \/>\t\t\t\t\t\t\t\t\t\t\t\t\t\t\t<\/div>\n\t\t\t\t<\/div>\n\t\t\t\t\t<\/div>\n\t\t<\/div>\n\t\t\t\t\t<\/div>\n\t\t<\/section>\n\t\t\t\t\t<\/div>\n\t\t<\/div>\n\t\t\t\t\t<\/div>\n\t\t<\/section>\n\t\t\t\t<section class=\"elementor-section elementor-top-section elementor-element elementor-element-d434887 ot-traditional elementor-section-boxed elementor-section-height-default elementor-section-height-default\" data-id=\"d434887\" data-element_type=\"section\" data-e-type=\"section\">\n\t\t\t\t\t\t<div class=\"elementor-container elementor-column-gap-default\">\n\t\t\t\t\t<div class=\"elementor-column elementor-col-100 elementor-top-column elementor-element elementor-element-46aef1e ot-flex-column-vertical\" data-id=\"46aef1e\" data-element_type=\"column\" data-e-type=\"column\">\n\t\t\t<div class=\"elementor-widget-wrap elementor-element-populated\">\n\t\t\t\t\t\t<div class=\"elementor-element elementor-element-bf0c185 elementor-widget elementor-widget-heading\" data-id=\"bf0c185\" data-element_type=\"widget\" data-e-type=\"widget\" data-widget_type=\"heading.default\">\n\t\t\t\t<div class=\"elementor-widget-container\">\n\t\t\t\t\t<h2 class=\"elementor-heading-title elementor-size-default\">Key Features<\/h2>\t\t\t\t<\/div>\n\t\t\t\t<\/div>\n\t\t\t\t<div class=\"elementor-element elementor-element-a5c40cb elementor-widget elementor-widget-text-editor\" data-id=\"a5c40cb\" data-element_type=\"widget\" data-e-type=\"widget\" data-widget_type=\"text-editor.default\">\n\t\t\t\t<div class=\"elementor-widget-container\">\n\t\t\t\t\t\t\t\t\t<p data-path-to-node=\"12,0,0\">\ud83c\udfaf <b data-path-to-node=\"12,0,0\" data-index-in-node=\"3\">Automatic Feature Recognition (AFR)<br \/><\/b>Analyzes your STEP files in seconds. It finds, groups, and lists blind holes, through holes, pockets, slots, and chamfers on the part with millimeter precision<\/p><p data-path-to-node=\"12,1,0\">\ud83c\udf10 <b data-path-to-node=\"12,1,0\" data-index-in-node=\"3\">Interactive 3D Visualizer<br \/><\/b>Experience high-poly 3D rendering right in your browser. Upload, rotate, and examine your parts without needing external CAD programs, and view detected elements in real-time.<\/p><p data-path-to-node=\"12,2,0\">\u2699\ufe0f <b data-path-to-node=\"12,2,0\" data-index-in-node=\"3\">Dynamic Material and Machine Database<br \/><\/b>Whether it's aluminum, steel, or brass\u2014instantly calculate up-to-date material costs and scrap ratios. Generate flawless operation times and labor costs tailored to the hourly rates of your 3-axis, 4-axis, or CNC Lathe machines.<br \/><br \/>\ud83d\udcc4 <b data-path-to-node=\"12,3,0\" data-index-in-node=\"3\">Generate Corporate PDF Proposals in Seconds<br \/><\/b>Instantly create stylish, comprehensive PDF reports featuring your company logo. Each quote provides a full breakdown, including part weight, machining times, and unit\/total pricing.<br \/><br \/><b data-path-to-node=\"12,4,0\" data-index-in-node=\"3\">Seamless Integration (Creo Parametric &amp; Creo Elements\/Direct Modeling)<br \/><\/b>Operates as an independent web application or integrates into your workflow, allowing you to export models from your current CAD environment to the analysis dashboard instantly.<\/p>\t\t\t\t\t\t\t\t<\/div>\n\t\t\t\t<\/div>\n\t\t\t\t<section class=\"elementor-section elementor-inner-section elementor-element elementor-element-fa2f9ce ot-traditional elementor-section-boxed elementor-section-height-default elementor-section-height-default\" data-id=\"fa2f9ce\" data-element_type=\"section\" data-e-type=\"section\">\n\t\t\t\t\t\t<div class=\"elementor-container elementor-column-gap-default\">\n\t\t\t\t\t<div class=\"elementor-column elementor-col-100 elementor-inner-column elementor-element elementor-element-a6dc659 ot-flex-column-vertical\" data-id=\"a6dc659\" data-element_type=\"column\" data-e-type=\"column\">\n\t\t\t<div class=\"elementor-widget-wrap\">\n\t\t\t\t\t\t\t<\/div>\n\t\t<\/div>\n\t\t\t\t\t<\/div>\n\t\t<\/section>\n\t\t\t\t\t<\/div>\n\t\t<\/div>\n\t\t\t\t\t<\/div>\n\t\t<\/section>\n\t\t\t\t<section class=\"elementor-section elementor-top-section elementor-element elementor-element-a534e0b ot-traditional elementor-section-boxed elementor-section-height-default elementor-section-height-default\" data-id=\"a534e0b\" data-element_type=\"section\" data-e-type=\"section\">\n\t\t\t\t\t\t<div class=\"elementor-container elementor-column-gap-default\">\n\t\t\t\t\t<div class=\"elementor-column elementor-col-100 elementor-top-column elementor-element elementor-element-0474ee3 ot-flex-column-vertical\" data-id=\"0474ee3\" data-element_type=\"column\" data-e-type=\"column\">\n\t\t\t<div class=\"elementor-widget-wrap elementor-element-populated\">\n\t\t\t\t\t\t<div class=\"elementor-element elementor-element-2eb3ed1 elementor-widget elementor-widget-heading\" data-id=\"2eb3ed1\" data-element_type=\"widget\" data-e-type=\"widget\" data-widget_type=\"heading.default\">\n\t\t\t\t<div class=\"elementor-widget-container\">\n\t\t\t\t\t<h2 class=\"elementor-heading-title elementor-size-default\"><h3 data-path-to-node=\"14\">Your Quote is Ready in Just 3 Steps<span style=\"font-family: Roboto, sans-serif;font-size: 36px;font-weight: bold;white-space: pre-wrap;text-align: center;float: none\"><\/span><\/h3><\/h2>\t\t\t\t<\/div>\n\t\t\t\t<\/div>\n\t\t\t\t<div class=\"elementor-element elementor-element-cfe501c elementor-widget elementor-widget-text-editor\" data-id=\"cfe501c\" data-element_type=\"widget\" data-e-type=\"widget\" data-widget_type=\"text-editor.default\">\n\t\t\t\t<div class=\"elementor-widget-container\">\n\t\t\t\t\t\t\t\t\t<p data-path-to-node=\"15\"><b data-path-to-node=\"15\" data-index-in-node=\"0\">Step 1: Upload Your Model<\/b> Drag and drop your STEP (.stp) file into the system from either the cloud or your computer. Alternatively, import it automatically from Creo with a single click.<\/p>\n<p data-path-to-node=\"16\"><b data-path-to-node=\"16\" data-index-in-node=\"0\">Step 2: Select Production Parameters<\/b> Specify the material to be used (e.g., 7075 Aluminum), the machine type (e.g., 3-Axis Milling), and your profit margin.<\/p>\n<p data-path-to-node=\"17\"><b data-path-to-node=\"17\" data-index-in-node=\"0\">Step 3: Analyze and Quote<\/b> Click the \"Analyze\" button. Let Viametrix solve the geometry, calculate lead times, and deliver your quotation report to your screen instantly.<\/p>\t\t\t\t\t\t\t\t<\/div>\n\t\t\t\t<\/div>\n\t\t\t\t\t<\/div>\n\t\t<\/div>\n\t\t\t\t\t<\/div>\n\t\t<\/section>\n\t\t\t\t<section class=\"elementor-section elementor-top-section elementor-element elementor-element-e86ab87 ot-traditional elementor-section-boxed elementor-section-height-default elementor-section-height-default\" data-id=\"e86ab87\" data-element_type=\"section\" data-e-type=\"section\">\n\t\t\t\t\t\t<div class=\"elementor-container elementor-column-gap-default\">\n\t\t\t\t\t<div class=\"elementor-column elementor-col-100 elementor-top-column elementor-element elementor-element-8141d59 ot-flex-column-vertical\" data-id=\"8141d59\" data-element_type=\"column\" data-e-type=\"column\">\n\t\t\t<div class=\"elementor-widget-wrap elementor-element-populated\">\n\t\t\t\t\t\t<div class=\"elementor-element elementor-element-8ef32c1 elementor-widget elementor-widget-heading\" data-id=\"8ef32c1\" data-element_type=\"widget\" data-e-type=\"widget\" data-widget_type=\"heading.default\">\n\t\t\t\t<div class=\"elementor-widget-container\">\n\t\t\t\t\t<h2 class=\"elementor-heading-title elementor-size-default\"><b data-path-to-node=\"7,0\" data-index-in-node=\"0\">Seamless Integration with Creo Parametric: One-Click Costing<\/b><\/h2>\t\t\t\t<\/div>\n\t\t\t\t<\/div>\n\t\t\t\t<section class=\"elementor-section elementor-inner-section elementor-element elementor-element-51cb855 ot-traditional elementor-section-boxed elementor-section-height-default elementor-section-height-default\" data-id=\"51cb855\" data-element_type=\"section\" data-e-type=\"section\">\n\t\t\t\t\t\t<div class=\"elementor-container elementor-column-gap-default\">\n\t\t\t\t\t<div class=\"elementor-column elementor-col-100 elementor-inner-column elementor-element elementor-element-d9470c2 ot-flex-column-vertical\" data-id=\"d9470c2\" data-element_type=\"column\" data-e-type=\"column\">\n\t\t\t<div class=\"elementor-widget-wrap elementor-element-populated\">\n\t\t\t\t\t\t<div class=\"elementor-element elementor-element-c2abddf elementor-widget elementor-widget-text-editor\" data-id=\"c2abddf\" data-element_type=\"widget\" data-e-type=\"widget\" data-widget_type=\"text-editor.default\">\n\t\t\t\t<div class=\"elementor-widget-container\">\n\t\t\t\t\t\t\t\t\t<h3 data-path-to-node=\"6\">Why Will Creo Parametric Users Love It?<\/h3>\n<p data-path-to-node=\"7\">In the traditional process, determining the cost of a part requires saving it as a STEP file, importing it into a CAM program, or waiting days for a supplier's quote. With the Viametrix Creo Add-in, this process is reduced to seconds.<\/p>\n<ul data-path-to-node=\"8\">\n<li>\n<p data-path-to-node=\"8,0,0\"><img decoding=\"async\" draggable=\"false\" role=\"img\" class=\"emoji\" alt=\"\u2699\ufe0f\" src=\"https:\/\/s.w.org\/images\/core\/emoji\/17.0.2\/svg\/2699.svg\"> <b data-path-to-node=\"8,0,0\" data-index-in-node=\"3\">Perfect Harmony with the Model Tree (Design for Manufacturing):<\/b> Let's say you changed the depth of a pocket or added a new hole in Creo. Simply Regenerate the model and click the \"Analyze\" button in the CNC Cost Estimator add-in. Instantly see the machining cost of the new design. Push the boundaries until you find the most cost-effective, manufacturable design.<\/p>\n<\/li>\n<li>\n<p data-path-to-node=\"8,1,0\"><img decoding=\"async\" draggable=\"false\" role=\"img\" class=\"emoji\" alt=\"\u26a1\" src=\"https:\/\/s.w.org\/images\/core\/emoji\/17.0.2\/svg\/26a1.svg\"> <b data-path-to-node=\"8,1,0\" data-index-in-node=\"2\">No more hassle with file conversions (Export\/Import). The Viametrix button added to your Creo Parametric Ribbon automatically reads your part in the background\u2014including all tolerances, colors, and geometric data\u2014and brings the sleek analysis screen directly to you.<\/b> Surface colors assigned in Creo Parametric to indicate technical drawings or tolerances (AP242 standards) are fully recognized by the Viametrix analysis engine<\/p>\n<\/li>\n<li>\n<p data-path-to-node=\"8,2,0\"><img decoding=\"async\" draggable=\"false\" role=\"img\" class=\"emoji\" alt=\"\ud83c\udfa8\" src=\"https:\/\/s.w.org\/images\/core\/emoji\/17.0.2\/svg\/1f3a8.svg\"> <b data-path-to-node=\"8,2,0\" data-index-in-node=\"3\">Don't Lose Creo Surface Colors (PMI): Surface colors assigned in Creo Parametric to indicate technical drawings or tolerances (AP242 standards) are fully recognized by the Viametrix analysis engine.<\/b> Creo Parametric&#8217;te teknik resim veya tolerans belirtmek i\u00e7in atad\u0131\u011f\u0131n\u0131z y\u00fczey renkleri (AP242 standartlar\u0131), Viametrix analiz motoru taraf\u0131ndan eksiksiz tan\u0131n\u0131r.<\/p>\n<\/li>\n<li>\n<p data-path-to-node=\"8,3,0\"><img decoding=\"async\" draggable=\"false\" role=\"img\" class=\"emoji\" alt=\"\ud83d\udcca\" src=\"https:\/\/s.w.org\/images\/core\/emoji\/17.0.2\/svg\/1f4ca.svg\"> <b data-path-to-node=\"8,3,0\" data-index-in-node=\"3\">Instant PDF Quotation Report:<\/b> Once the design is approved, generate a detailed PDF quote with your company logo (including operation times, raw material scrap, and per-kg costs) for your customer or purchasing department\u2014without even minimizing Creo.<\/p>\n<\/li>\n<\/ul>\n<p data-path-to-node=\"10\">\n<\/p><p data-path-to-node=\"9\"><b data-path-to-node=\"9\" data-index-in-node=\"0\">Make Your Design Decisions Based on Real Pricing.<\/b> You design for excellence in Creo Parametric; let Viametrix manage the costs for you.<\/p>\t\t\t\t\t\t\t\t<\/div>\n\t\t\t\t<\/div>\n\t\t\t\t\t<\/div>\n\t\t<\/div>\n\t\t\t\t\t<\/div>\n\t\t<\/section>\n\t\t\t\t\t<\/div>\n\t\t<\/div>\n\t\t\t\t\t<\/div>\n\t\t<\/section>\n\t\t\t\t<section class=\"elementor-section elementor-top-section elementor-element elementor-element-5c615ba ot-traditional elementor-section-boxed elementor-section-height-default elementor-section-height-default\" data-id=\"5c615ba\" data-element_type=\"section\" data-e-type=\"section\">\n\t\t\t\t\t\t<div class=\"elementor-container elementor-column-gap-default\">\n\t\t\t\t\t<div class=\"elementor-column elementor-col-100 elementor-top-column elementor-element elementor-element-687fcf5 ot-flex-column-vertical\" data-id=\"687fcf5\" data-element_type=\"column\" data-e-type=\"column\">\n\t\t\t<div class=\"elementor-widget-wrap elementor-element-populated\">\n\t\t\t\t\t\t<div class=\"elementor-element elementor-element-b8eb751 elementor-widget elementor-widget-heading\" data-id=\"b8eb751\" data-element_type=\"widget\" data-e-type=\"widget\" data-widget_type=\"heading.default\">\n\t\t\t\t<div class=\"elementor-widget-container\">\n\t\t\t\t\t<h2 class=\"elementor-heading-title elementor-size-default\"><h2 data-path-to-node=\"22\">Stop Guessing, Start Calculating with Precision.<\/h2><p data-path-to-node=\"23\">Take control of your profitability and strengthen your corporate image with the CNC Cost Estimator.<\/p><\/h2>\t\t\t\t<\/div>\n\t\t\t\t<\/div>\n\t\t\t\t\t<\/div>\n\t\t<\/div>\n\t\t\t\t\t<\/div>\n\t\t<\/section>\n\t\t\t\t<\/div>","protected":false},"excerpt":{"rendered":"<p>VIAMETRIX CNC Cost Estimator Saniyeler \u0130\u00e7inde Kusursuz \u0130malat Maliyeti ve Teklif \u00c7\u0131kar\u0131n. Tala\u015fl\u0131 imalat teklifleri haz\u0131rlarken saatlerinizi harcamaya, delikleri, havuzlar\u0131 vs. tek tek saymaya son verin. CNC Cost Estimator ile 3D CAD modellerinizi y\u00fckleyin; otomatik unsur tan\u0131ma teknolojisi maliyeti hesaplas\u0131n, siz sadece \u00fcretime odaklan\u0131n. Teklif S\u00fcrecinde Devrim Geleneksel y\u00f6ntemlerle bir CNC par\u00e7as\u0131n\u0131n fiyat\u0131n\u0131 hesaplamak; teknik [&hellip;]<\/p>\n","protected":false},"author":1,"featured_media":0,"parent":0,"menu_order":0,"comment_status":"closed","ping_status":"closed","template":"","meta":{"_mi_skip_tracking":false,"footnotes":""},"class_list":["post-7288","page","type-page","status-publish","hentry"],"aioseo_notices":[],"_links":{"self":[{"href":"https:\/\/viametrix.com\/en\/wp-json\/wp\/v2\/pages\/7288","targetHints":{"allow":["GET"]}}],"collection":[{"href":"https:\/\/viametrix.com\/en\/wp-json\/wp\/v2\/pages"}],"about":[{"href":"https:\/\/viametrix.com\/en\/wp-json\/wp\/v2\/types\/page"}],"author":[{"embeddable":true,"href":"https:\/\/viametrix.com\/en\/wp-json\/wp\/v2\/users\/1"}],"replies":[{"embeddable":true,"href":"https:\/\/viametrix.com\/en\/wp-json\/wp\/v2\/comments?post=7288"}],"version-history":[{"count":34,"href":"https:\/\/viametrix.com\/en\/wp-json\/wp\/v2\/pages\/7288\/revisions"}],"predecessor-version":[{"id":7332,"href":"https:\/\/viametrix.com\/en\/wp-json\/wp\/v2\/pages\/7288\/revisions\/7332"}],"wp:attachment":[{"href":"https:\/\/viametrix.com\/en\/wp-json\/wp\/v2\/media?parent=7288"}],"curies":[{"name":"wp","href":"https:\/\/api.w.org\/{rel}","templated":true}]}}